{"id":61,"date":"2020-12-06T15:43:04","date_gmt":"2020-12-06T15:43:04","guid":{"rendered":"https:\/\/insuflaveissigadanca.com\/wp2020\/?page_id=61"},"modified":"2025-04-29T13:45:12","modified_gmt":"2025-04-29T13:45:12","slug":"videos-dos-insuflaveisleiria","status":"publish","type":"page","link":"https:\/\/www.insuflaveissigadanca.com\/wp2020\/videos-dos-insuflaveisleiria\/","title":{"rendered":"V\u00eddeos"},"content":{"rendered":"\n<div class=\"wp-block-columns is-layout-flex wp-container-core-columns-is-layout-1 wp-block-columns-is-layout-flex\">\n<div class=\"wp-block-column is-layout-flow wp-block-column-is-layout-flow\"><div class=\"wp-block-image\">\n<figure class=\"alignright size-full\"><img loading=\"lazy\" decoding=\"async\" width=\"625\" height=\"399\" src=\"https:\/\/www.insuflaveissigadanca.com\/wp2020\/wp-content\/uploads\/2025\/04\/Elefante-2.png\" alt=\"\" class=\"wp-image-623\" srcset=\"https:\/\/www.insuflaveissigadanca.com\/wp2020\/wp-content\/uploads\/2025\/04\/Elefante-2.png 625w, https:\/\/www.insuflaveissigadanca.com\/wp2020\/wp-content\/uploads\/2025\/04\/Elefante-2-300x192.png 300w\" sizes=\"auto, (max-width: 625px) 100vw, 625px\" \/><\/figure><\/div><\/div>\n\n\n\n<div class=\"wp-block-column is-layout-flow wp-block-column-is-layout-flow\">\n<figure class=\"wp-block-image size-full\"><img loading=\"lazy\" decoding=\"async\" width=\"577\" height=\"433\" src=\"https:\/\/www.insuflaveissigadanca.com\/wp2020\/wp-content\/uploads\/2025\/04\/Natal-2-1.png\" alt=\"\" class=\"wp-image-624\" srcset=\"https:\/\/www.insuflaveissigadanca.com\/wp2020\/wp-content\/uploads\/2025\/04\/Natal-2-1.png 577w, https:\/\/www.insuflaveissigadanca.com\/wp2020\/wp-content\/uploads\/2025\/04\/Natal-2-1-300x225.png 300w\" sizes=\"auto, (max-width: 577px) 100vw, 577px\" \/><\/figure>\n<\/div>\n\n\n\n<div class=\"wp-block-column is-layout-flow wp-block-column-is-layout-flow\">\n<figure class=\"wp-block-image size-full\"><img loading=\"lazy\" decoding=\"async\" width=\"577\" height=\"433\" src=\"https:\/\/www.insuflaveissigadanca.com\/wp2020\/wp-content\/uploads\/2025\/04\/Touro3.png\" alt=\"\" class=\"wp-image-625\" srcset=\"https:\/\/www.insuflaveissigadanca.com\/wp2020\/wp-content\/uploads\/2025\/04\/Touro3.png 577w, https:\/\/www.insuflaveissigadanca.com\/wp2020\/wp-content\/uploads\/2025\/04\/Touro3-300x225.png 300w\" sizes=\"auto, (max-width: 577px) 100vw, 577px\" \/><\/figure>\n<\/div>\n<\/div>\n\n\n\n<p class=\"has-text-align-center\">\u2611\ufe0f <strong><mark style=\"background-color:rgba(0, 0, 0, 0)\" class=\"has-inline-color has-vivid-purple-color\">RESERVE J\u00c1 O SEU INSUFL\u00c1VEL E O NOSSO SERVI\u00c7O DE ANIMA\u00c7\u00c3O E TENHA O QUE PRETENDE<br>\u2026 Eventos Sociais\u2026Festas infantis\u2026\u2026Festas de Anivers\u00e1rio\u2026 Casamentos\u2026 Batizados..<\/mark><\/strong><\/p>\n\n\n\n<h3 class=\"wp-block-heading has-text-align-center\">Cat\u00e1logo Insufl\u00e1veis 2024 <\/h3>\n\n\n\n<figure class=\"wp-block-embed is-type-video is-provider-youtube wp-block-embed-youtube wp-embed-aspect-16-9 wp-has-aspect-ratio\"><div class=\"wp-block-embed__wrapper\">\n<iframe loading=\"lazy\" title=\"Cat\u00e1logo de Insufl\u00e1veis 2024\" width=\"1170\" height=\"658\" src=\"https:\/\/www.youtube.com\/embed\/yv7Pc0b1cm0?feature=oembed\" frameborder=\"0\" allow=\"accelerometer; autoplay; clipboard-write; encrypted-media; gyroscope; picture-in-picture; web-share\" allowfullscreen><\/iframe>\n<\/div><\/figure>\n\n\n\n<div class=\"wp-block-group\"><div class=\"wp-block-group__inner-container is-layout-flow wp-block-group-is-layout-flow\">\n<h3 class=\"wp-block-heading has-text-align-center\"><strong>Insufl\u00e1vel BALIZA-PENALTI<\/strong><\/h3>\n\n\n\n<figure class=\"wp-block-embed aligncenter is-type-video is-provider-youtube wp-block-embed-youtube wp-embed-aspect-16-9 wp-has-aspect-ratio\"><div class=\"wp-block-embed__wrapper\">\n<iframe loading=\"lazy\" title=\"Insufl\u00e1vel Penalti Baliza\" width=\"1170\" height=\"658\" src=\"https:\/\/www.youtube.com\/embed\/xLEQjbB0nMI?feature=oembed\" frameborder=\"0\" allow=\"accelerometer; autoplay; clipboard-write; encrypted-media; gyroscope; picture-in-picture; web-share\" allowfullscreen><\/iframe>\n<\/div><\/figure>\n\n\n\n<h3 class=\"wp-block-heading has-text-align-center\">Insufl\u00e1vel Bob Esponja<\/h3>\n\n\n\n<figure class=\"wp-block-embed aligncenter is-type-video is-provider-youtube wp-block-embed-youtube wp-embed-aspect-16-9 wp-has-aspect-ratio\"><div class=\"wp-block-embed__wrapper\">\n<iframe loading=\"lazy\" title=\"Insufl\u00e1vel Bob Esponja\" width=\"1170\" height=\"658\" src=\"https:\/\/www.youtube.com\/embed\/3QBKNTpW2dk?feature=oembed\" frameborder=\"0\" allow=\"accelerometer; autoplay; clipboard-write; encrypted-media; gyroscope; picture-in-picture; web-share\" allowfullscreen><\/iframe>\n<\/div><\/figure>\n\n\n\n<h3 class=\"wp-block-heading has-text-align-center\">Insufl\u00e1vel Mickey Escorrega<\/h3>\n\n\n\n<figure class=\"wp-block-embed aligncenter is-type-video is-provider-youtube wp-block-embed-youtube wp-embed-aspect-4-3 wp-has-aspect-ratio\"><div class=\"wp-block-embed__wrapper\">\n<iframe loading=\"lazy\" title=\"Insufl\u00e1vel Mickey Escorrega\" width=\"1170\" height=\"878\" src=\"https:\/\/www.youtube.com\/embed\/XXJ_oWh6LGY?feature=oembed\" frameborder=\"0\" allow=\"accelerometer; autoplay; clipboard-write; encrypted-media; gyroscope; picture-in-picture; web-share\" allowfullscreen><\/iframe>\n<\/div><\/figure>\n\n\n\n<h3 class=\"wp-block-heading has-text-align-center\">Insufl\u00e1vel Dinossauro<\/h3>\n\n\n\n<figure class=\"wp-block-embed aligncenter is-type-video is-provider-youtube wp-block-embed-youtube wp-embed-aspect-16-9 wp-has-aspect-ratio\"><div class=\"wp-block-embed__wrapper\">\n<iframe loading=\"lazy\" title=\"Insufl\u00e1vel Dinossauro\" width=\"1170\" height=\"658\" src=\"https:\/\/www.youtube.com\/embed\/dZO6eayxxR4?feature=oembed\" frameborder=\"0\" allow=\"accelerometer; autoplay; clipboard-write; encrypted-media; gyroscope; picture-in-picture; web-share\" allowfullscreen><\/iframe>\n<\/div><\/figure>\n\n\n\n<h3 class=\"wp-block-heading has-text-align-center\">Insufl\u00e1vel Unic\u00f3rnio A<\/h3>\n\n\n\n<figure class=\"wp-block-embed aligncenter is-type-video is-provider-youtube wp-block-embed-youtube wp-embed-aspect-16-9 wp-has-aspect-ratio\"><div class=\"wp-block-embed__wrapper\">\n<iframe loading=\"lazy\" title=\"Unicornio A\" width=\"1170\" height=\"658\" src=\"https:\/\/www.youtube.com\/embed\/EY6_MRS1JEk?feature=oembed\" frameborder=\"0\" allow=\"accelerometer; autoplay; clipboard-write; encrypted-media; gyroscope; picture-in-picture; web-share\" allowfullscreen><\/iframe>\n<\/div><\/figure>\n\n\n\n<h3 class=\"wp-block-heading has-text-align-center\">Insufl\u00e1vel Elefante<\/h3>\n\n\n\n<figure class=\"wp-block-embed aligncenter is-type-video is-provider-youtube wp-block-embed-youtube wp-embed-aspect-16-9 wp-has-aspect-ratio\"><div class=\"wp-block-embed__wrapper\">\n<iframe loading=\"lazy\" title=\"Insufl\u00e1vel Elefante\" width=\"1170\" height=\"658\" src=\"https:\/\/www.youtube.com\/embed\/ALVzkh942Oo?feature=oembed\" frameborder=\"0\" allow=\"accelerometer; autoplay; clipboard-write; encrypted-media; gyroscope; picture-in-picture; web-share\" allowfullscreen><\/iframe>\n<\/div><\/figure>\n<\/div><\/div>\n\n\n\n<p><\/p>\n\n\n<div class=\"wp-block-image\">\n<figure class=\"aligncenter size-full is-resized\"><a href=\"https:\/\/www.insuflaveissigadanca.com\/Condicoes_siga.pdf\"><img loading=\"lazy\" decoding=\"async\" width=\"800\" height=\"143\" src=\"https:\/\/www.insuflaveissigadanca.com\/wp2020\/wp-content\/uploads\/2025\/04\/DOWNLOADcATALOGO-1.gif\" alt=\"\" class=\"wp-image-654\" style=\"width:425px;height:auto\"\/><\/a><\/figure><\/div>\n\n<div class=\"wp-block-image is-resized is-style-rounded\">\n<figure class=\"aligncenter size-full\"><a href=\"https:\/\/www.insuflaveissigadanca.com\/Condicoes_siga.pdf\"><img loading=\"lazy\" decoding=\"async\" width=\"500\" height=\"500\" src=\"https:\/\/www.insuflaveissigadanca.com\/wp2020\/wp-content\/uploads\/2025\/04\/Montagem2025b-removebg-preview.png\" alt=\"\" class=\"wp-image-638\" style=\"width:180px;height:auto\" srcset=\"https:\/\/www.insuflaveissigadanca.com\/wp2020\/wp-content\/uploads\/2025\/04\/Montagem2025b-removebg-preview.png 500w, https:\/\/www.insuflaveissigadanca.com\/wp2020\/wp-content\/uploads\/2025\/04\/Montagem2025b-removebg-preview-300x300.png 300w, https:\/\/www.insuflaveissigadanca.com\/wp2020\/wp-content\/uploads\/2025\/04\/Montagem2025b-removebg-preview-150x150.png 150w\" sizes=\"auto, (max-width: 500px) 100vw, 500px\" \/><\/a><\/figure><\/div>\n\n\n<h2 class=\"wp-block-heading has-text-align-center\"><a href=\"https:\/\/wa.me\/+351962579689\">ALUGUE AGORA!<\/a><\/h2>\n\n\n<div class=\"wp-block-image\">\n<figure class=\"aligncenter size-full is-resized\"><a href=\"https:\/\/wa.me\/+351962681694\"><img loading=\"lazy\" decoding=\"async\" width=\"474\" height=\"474\" src=\"https:\/\/www.insuflaveissigadanca.com\/wp2020\/wp-content\/uploads\/2023\/11\/OIP-1.jpeg\" alt=\"\" class=\"wp-image-399\" style=\"aspect-ratio:1;width:92px;height:auto\" srcset=\"https:\/\/www.insuflaveissigadanca.com\/wp2020\/wp-content\/uploads\/2023\/11\/OIP-1.jpeg 474w, https:\/\/www.insuflaveissigadanca.com\/wp2020\/wp-content\/uploads\/2023\/11\/OIP-1-300x300.jpeg 300w, https:\/\/www.insuflaveissigadanca.com\/wp2020\/wp-content\/uploads\/2023\/11\/OIP-1-150x150.jpeg 150w\" sizes=\"auto, (max-width: 474px) 100vw, 474px\" \/><\/a><\/figure><\/div>\n\n\n<p><\/p>\n ","protected":false},"excerpt":{"rendered":"<p>\u2611\ufe0f RESERVE J\u00c1 O SEU INSUFL\u00c1VEL E O NOSSO SERVI\u00c7O DE ANIMA\u00c7\u00c3O E TENHA O QUE PRETENDE\u2026 Eventos Sociais\u2026Festas infantis\u2026\u2026Festas de Anivers\u00e1rio\u2026 Casamentos\u2026 Batizados.. Cat\u00e1logo Insufl\u00e1veis 2024 Insufl\u00e1vel BALIZA-PENALTI Insufl\u00e1vel Bob Esponja Insufl\u00e1vel Mickey Escorrega Insufl\u00e1vel Dinossauro Insufl\u00e1vel Unic\u00f3rnio A Insufl\u00e1vel Elefante ALUGUE AGORA!<\/p>\n","protected":false},"author":1,"featured_media":0,"parent":0,"menu_order":0,"comment_status":"closed","ping_status":"closed","template":"","meta":{"footnotes":""},"class_list":["post-61","page","type-page","status-publish","hentry"],"yoast_head":"<!-- This site is optimized with the Yoast SEO plugin v24.5 - https:\/\/yoast.com\/wordpress\/plugins\/seo\/ -->\n<title>V\u00eddeos |<\/title>\n<meta name=\"description\" content=\"Aluguer de Insufl\u00e1veis, M\u00e1quina de Pipocas\ud83c\udf7f\ud83c\udf7f, Piscina de Bolas, Anima\u00e7\u00e3o com Pinturas Faciais e Modelagem de Bal\u00f5es\ud83c\udf88\ud83c\udf88 e claro muita divers\u00e3o\u2026.\ud83c\udfb5\u2611\ufe0f RESERVE J\u00c1 O NOSSO SERVI\u00c7O DE ANIMA\u00c7\u00c3O INFANTIL e TENHA O QUE PRETENDE\u2026 eventos sociais\u2026festas infantis\u2026\u2026festas de anivers\u00e1rio\u2026 casamentos\u2026 batizados..\" \/>\n<meta name=\"robots\" content=\"index, follow, max-snippet:-1, max-image-preview:large, max-video-preview:-1\" \/>\n<link rel=\"canonical\" href=\"https:\/\/www.insuflaveissigadanca.com\/wp2020\/videos-dos-insuflaveisleiria\/\" \/>\n<meta property=\"og:locale\" content=\"pt_PT\" \/>\n<meta property=\"og:type\" content=\"article\" \/>\n<meta property=\"og:title\" content=\"Aluguer de Insufl\u00e1vei\" \/>\n<meta property=\"og:description\" content=\"Aluguer de Insufl\u00e1veis, M\u00e1quina de Pipocas\ud83c\udf7f\ud83c\udf7f, Piscina de Bolas, Anima\u00e7\u00e3o com Pinturas Faciais e Modelagem de Bal\u00f5es\ud83c\udf88\ud83c\udf88 e claro muita divers\u00e3o\u2026.\ud83c\udfb5\u2611\ufe0f RESERVE J\u00c1 O NOSSO SERVI\u00c7O DE ANIMA\u00c7\u00c3O INFANTIL e TENHA O QUE PRETENDE\u2026 eventos sociais\u2026festas infantis\u2026\u2026festas de anivers\u00e1rio\u2026 casamentos\u2026 batizados..\" \/>\n<meta property=\"og:url\" content=\"https:\/\/www.insuflaveissigadanca.com\/wp2020\/videos-dos-insuflaveisleiria\/\" \/>\n<meta property=\"article:modified_time\" content=\"2025-04-29T13:45:12+00:00\" \/>\n<meta property=\"og:image\" content=\"https:\/\/www.insuflaveissigadanca.com\/wp2020\/wp-content\/uploads\/2025\/04\/Elefante-2.png\" \/>\n\t<meta property=\"og:image:width\" content=\"625\" \/>\n\t<meta property=\"og:image:height\" content=\"399\" \/>\n\t<meta property=\"og:image:type\" content=\"image\/png\" \/>\n<meta name=\"twitter:card\" content=\"summary_large_image\" \/>\n<meta name=\"twitter:label1\" content=\"Tempo estimado de leitura\" \/>\n\t<meta name=\"twitter:data1\" content=\"2 minutos\" \/>\n<script type=\"application\/ld+json\" class=\"yoast-schema-graph\">{\"@context\":\"https:\/\/schema.org\",\"@graph\":[{\"@type\":\"WebPage\",\"@id\":\"https:\/\/www.insuflaveissigadanca.com\/wp2020\/videos-dos-insuflaveisleiria\/\",\"url\":\"https:\/\/www.insuflaveissigadanca.com\/wp2020\/videos-dos-insuflaveisleiria\/\",\"name\":\"V\u00eddeos |\",\"isPartOf\":{\"@id\":\"https:\/\/www.insuflaveissigadanca.com\/wp2020\/#website\"},\"primaryImageOfPage\":{\"@id\":\"https:\/\/www.insuflaveissigadanca.com\/wp2020\/videos-dos-insuflaveisleiria\/#primaryimage\"},\"image\":{\"@id\":\"https:\/\/www.insuflaveissigadanca.com\/wp2020\/videos-dos-insuflaveisleiria\/#primaryimage\"},\"thumbnailUrl\":\"https:\/\/www.insuflaveissigadanca.com\/wp2020\/wp-content\/uploads\/2025\/04\/Elefante-2.png\",\"datePublished\":\"2020-12-06T15:43:04+00:00\",\"dateModified\":\"2025-04-29T13:45:12+00:00\",\"description\":\"Aluguer de Insufl\u00e1veis, M\u00e1quina de Pipocas\ud83c\udf7f\ud83c\udf7f, Piscina de Bolas, Anima\u00e7\u00e3o com Pinturas Faciais e Modelagem de Bal\u00f5es\ud83c\udf88\ud83c\udf88 e claro muita divers\u00e3o\u2026.\ud83c\udfb5\u2611\ufe0f RESERVE J\u00c1 O NOSSO SERVI\u00c7O DE ANIMA\u00c7\u00c3O INFANTIL e TENHA O QUE PRETENDE\u2026 eventos sociais\u2026festas infantis\u2026\u2026festas de anivers\u00e1rio\u2026 casamentos\u2026 batizados..\",\"breadcrumb\":{\"@id\":\"https:\/\/www.insuflaveissigadanca.com\/wp2020\/videos-dos-insuflaveisleiria\/#breadcrumb\"},\"inLanguage\":\"pt-PT\",\"potentialAction\":[{\"@type\":\"ReadAction\",\"target\":[\"https:\/\/www.insuflaveissigadanca.com\/wp2020\/videos-dos-insuflaveisleiria\/\"]}]},{\"@type\":\"ImageObject\",\"inLanguage\":\"pt-PT\",\"@id\":\"https:\/\/www.insuflaveissigadanca.com\/wp2020\/videos-dos-insuflaveisleiria\/#primaryimage\",\"url\":\"https:\/\/www.insuflaveissigadanca.com\/wp2020\/wp-content\/uploads\/2025\/04\/Elefante-2.png\",\"contentUrl\":\"https:\/\/www.insuflaveissigadanca.com\/wp2020\/wp-content\/uploads\/2025\/04\/Elefante-2.png\",\"width\":625,\"height\":399},{\"@type\":\"BreadcrumbList\",\"@id\":\"https:\/\/www.insuflaveissigadanca.com\/wp2020\/videos-dos-insuflaveisleiria\/#breadcrumb\",\"itemListElement\":[{\"@type\":\"ListItem\",\"position\":1,\"name\":\"In\u00edcio\",\"item\":\"https:\/\/www.insuflaveissigadanca.com\/wp2020\/\"},{\"@type\":\"ListItem\",\"position\":2,\"name\":\"V\u00eddeos\"}]},{\"@type\":\"WebSite\",\"@id\":\"https:\/\/www.insuflaveissigadanca.com\/wp2020\/#website\",\"url\":\"https:\/\/www.insuflaveissigadanca.com\/wp2020\/\",\"name\":\"Insufl\u00e1veis Sigadan\u00e7a\",\"description\":\"H\u00e1 mais de 18 anos a animar a sua festa\",\"publisher\":{\"@id\":\"https:\/\/www.insuflaveissigadanca.com\/wp2020\/#organization\"},\"potentialAction\":[{\"@type\":\"SearchAction\",\"target\":{\"@type\":\"EntryPoint\",\"urlTemplate\":\"https:\/\/www.insuflaveissigadanca.com\/wp2020\/?s={search_term_string}\"},\"query-input\":{\"@type\":\"PropertyValueSpecification\",\"valueRequired\":true,\"valueName\":\"search_term_string\"}}],\"inLanguage\":\"pt-PT\"},{\"@type\":\"Organization\",\"@id\":\"https:\/\/www.insuflaveissigadanca.com\/wp2020\/#organization\",\"name\":\"Insufl\u00e1veis Sigadan\u00e7a\",\"url\":\"https:\/\/www.insuflaveissigadanca.com\/wp2020\/\",\"logo\":{\"@type\":\"ImageObject\",\"inLanguage\":\"pt-PT\",\"@id\":\"https:\/\/www.insuflaveissigadanca.com\/wp2020\/#\/schema\/logo\/image\/\",\"url\":\"https:\/\/www.insuflaveissigadanca.com\/wp2020\/wp-content\/uploads\/2020\/12\/2020.png\",\"contentUrl\":\"https:\/\/www.insuflaveissigadanca.com\/wp2020\/wp-content\/uploads\/2020\/12\/2020.png\",\"width\":473,\"height\":183,\"caption\":\"Insufl\u00e1veis Sigadan\u00e7a\"},\"image\":{\"@id\":\"https:\/\/www.insuflaveissigadanca.com\/wp2020\/#\/schema\/logo\/image\/\"}}]}<\/script>\n<!-- \/ Yoast SEO plugin. -->","yoast_head_json":{"title":"V\u00eddeos |","description":"Aluguer de Insufl\u00e1veis, M\u00e1quina de Pipocas\ud83c\udf7f\ud83c\udf7f, Piscina de Bolas, Anima\u00e7\u00e3o com Pinturas Faciais e Modelagem de Bal\u00f5es\ud83c\udf88\ud83c\udf88 e claro muita divers\u00e3o\u2026.\ud83c\udfb5\u2611\ufe0f RESERVE J\u00c1 O NOSSO SERVI\u00c7O DE ANIMA\u00c7\u00c3O INFANTIL e TENHA O QUE PRETENDE\u2026 eventos sociais\u2026festas infantis\u2026\u2026festas de anivers\u00e1rio\u2026 casamentos\u2026 batizados..","robots":{"index":"index","follow":"follow","max-snippet":"max-snippet:-1","max-image-preview":"max-image-preview:large","max-video-preview":"max-video-preview:-1"},"canonical":"https:\/\/www.insuflaveissigadanca.com\/wp2020\/videos-dos-insuflaveisleiria\/","og_locale":"pt_PT","og_type":"article","og_title":"Aluguer de Insufl\u00e1vei","og_description":"Aluguer de Insufl\u00e1veis, M\u00e1quina de Pipocas\ud83c\udf7f\ud83c\udf7f, Piscina de Bolas, Anima\u00e7\u00e3o com Pinturas Faciais e Modelagem de Bal\u00f5es\ud83c\udf88\ud83c\udf88 e claro muita divers\u00e3o\u2026.\ud83c\udfb5\u2611\ufe0f RESERVE J\u00c1 O NOSSO SERVI\u00c7O DE ANIMA\u00c7\u00c3O INFANTIL e TENHA O QUE PRETENDE\u2026 eventos sociais\u2026festas infantis\u2026\u2026festas de anivers\u00e1rio\u2026 casamentos\u2026 batizados..","og_url":"https:\/\/www.insuflaveissigadanca.com\/wp2020\/videos-dos-insuflaveisleiria\/","article_modified_time":"2025-04-29T13:45:12+00:00","og_image":[{"width":625,"height":399,"url":"https:\/\/www.insuflaveissigadanca.com\/wp2020\/wp-content\/uploads\/2025\/04\/Elefante-2.png","type":"image\/png"}],"twitter_card":"summary_large_image","twitter_misc":{"Tempo estimado de leitura":"2 minutos"},"schema":{"@context":"https:\/\/schema.org","@graph":[{"@type":"WebPage","@id":"https:\/\/www.insuflaveissigadanca.com\/wp2020\/videos-dos-insuflaveisleiria\/","url":"https:\/\/www.insuflaveissigadanca.com\/wp2020\/videos-dos-insuflaveisleiria\/","name":"V\u00eddeos |","isPartOf":{"@id":"https:\/\/www.insuflaveissigadanca.com\/wp2020\/#website"},"primaryImageOfPage":{"@id":"https:\/\/www.insuflaveissigadanca.com\/wp2020\/videos-dos-insuflaveisleiria\/#primaryimage"},"image":{"@id":"https:\/\/www.insuflaveissigadanca.com\/wp2020\/videos-dos-insuflaveisleiria\/#primaryimage"},"thumbnailUrl":"https:\/\/www.insuflaveissigadanca.com\/wp2020\/wp-content\/uploads\/2025\/04\/Elefante-2.png","datePublished":"2020-12-06T15:43:04+00:00","dateModified":"2025-04-29T13:45:12+00:00","description":"Aluguer de Insufl\u00e1veis, M\u00e1quina de Pipocas\ud83c\udf7f\ud83c\udf7f, Piscina de Bolas, Anima\u00e7\u00e3o com Pinturas Faciais e Modelagem de Bal\u00f5es\ud83c\udf88\ud83c\udf88 e claro muita divers\u00e3o\u2026.\ud83c\udfb5\u2611\ufe0f RESERVE J\u00c1 O NOSSO SERVI\u00c7O DE ANIMA\u00c7\u00c3O INFANTIL e TENHA O QUE PRETENDE\u2026 eventos sociais\u2026festas infantis\u2026\u2026festas de anivers\u00e1rio\u2026 casamentos\u2026 batizados..","breadcrumb":{"@id":"https:\/\/www.insuflaveissigadanca.com\/wp2020\/videos-dos-insuflaveisleiria\/#breadcrumb"},"inLanguage":"pt-PT","potentialAction":[{"@type":"ReadAction","target":["https:\/\/www.insuflaveissigadanca.com\/wp2020\/videos-dos-insuflaveisleiria\/"]}]},{"@type":"ImageObject","inLanguage":"pt-PT","@id":"https:\/\/www.insuflaveissigadanca.com\/wp2020\/videos-dos-insuflaveisleiria\/#primaryimage","url":"https:\/\/www.insuflaveissigadanca.com\/wp2020\/wp-content\/uploads\/2025\/04\/Elefante-2.png","contentUrl":"https:\/\/www.insuflaveissigadanca.com\/wp2020\/wp-content\/uploads\/2025\/04\/Elefante-2.png","width":625,"height":399},{"@type":"BreadcrumbList","@id":"https:\/\/www.insuflaveissigadanca.com\/wp2020\/videos-dos-insuflaveisleiria\/#breadcrumb","itemListElement":[{"@type":"ListItem","position":1,"name":"In\u00edcio","item":"https:\/\/www.insuflaveissigadanca.com\/wp2020\/"},{"@type":"ListItem","position":2,"name":"V\u00eddeos"}]},{"@type":"WebSite","@id":"https:\/\/www.insuflaveissigadanca.com\/wp2020\/#website","url":"https:\/\/www.insuflaveissigadanca.com\/wp2020\/","name":"Insufl\u00e1veis Sigadan\u00e7a","description":"H\u00e1 mais de 18 anos a animar a sua festa","publisher":{"@id":"https:\/\/www.insuflaveissigadanca.com\/wp2020\/#organization"},"potentialAction":[{"@type":"SearchAction","target":{"@type":"EntryPoint","urlTemplate":"https:\/\/www.insuflaveissigadanca.com\/wp2020\/?s={search_term_string}"},"query-input":{"@type":"PropertyValueSpecification","valueRequired":true,"valueName":"search_term_string"}}],"inLanguage":"pt-PT"},{"@type":"Organization","@id":"https:\/\/www.insuflaveissigadanca.com\/wp2020\/#organization","name":"Insufl\u00e1veis Sigadan\u00e7a","url":"https:\/\/www.insuflaveissigadanca.com\/wp2020\/","logo":{"@type":"ImageObject","inLanguage":"pt-PT","@id":"https:\/\/www.insuflaveissigadanca.com\/wp2020\/#\/schema\/logo\/image\/","url":"https:\/\/www.insuflaveissigadanca.com\/wp2020\/wp-content\/uploads\/2020\/12\/2020.png","contentUrl":"https:\/\/www.insuflaveissigadanca.com\/wp2020\/wp-content\/uploads\/2020\/12\/2020.png","width":473,"height":183,"caption":"Insufl\u00e1veis Sigadan\u00e7a"},"image":{"@id":"https:\/\/www.insuflaveissigadanca.com\/wp2020\/#\/schema\/logo\/image\/"}}]}},"_links":{"self":[{"href":"https:\/\/www.insuflaveissigadanca.com\/wp2020\/wp-json\/wp\/v2\/pages\/61","targetHints":{"allow":["GET"]}}],"collection":[{"href":"https:\/\/www.insuflaveissigadanca.com\/wp2020\/wp-json\/wp\/v2\/pages"}],"about":[{"href":"https:\/\/www.insuflaveissigadanca.com\/wp2020\/wp-json\/wp\/v2\/types\/page"}],"author":[{"embeddable":true,"href":"https:\/\/www.insuflaveissigadanca.com\/wp2020\/wp-json\/wp\/v2\/users\/1"}],"replies":[{"embeddable":true,"href":"https:\/\/www.insuflaveissigadanca.com\/wp2020\/wp-json\/wp\/v2\/comments?post=61"}],"version-history":[{"count":16,"href":"https:\/\/www.insuflaveissigadanca.com\/wp2020\/wp-json\/wp\/v2\/pages\/61\/revisions"}],"predecessor-version":[{"id":681,"href":"https:\/\/www.insuflaveissigadanca.com\/wp2020\/wp-json\/wp\/v2\/pages\/61\/revisions\/681"}],"wp:attachment":[{"href":"https:\/\/www.insuflaveissigadanca.com\/wp2020\/wp-json\/wp\/v2\/media?parent=61"}],"curies":[{"name":"wp","href":"https:\/\/api.w.org\/{rel}","templated":true}]}}