{"id":512,"date":"2025-02-06T11:30:58","date_gmt":"2025-02-06T11:30:58","guid":{"rendered":"https:\/\/www.insuflaveissigadanca.com\/wp2020\/?page_id=512"},"modified":"2025-05-10T06:04:49","modified_gmt":"2025-05-10T06:04:49","slug":"testemunhos","status":"publish","type":"page","link":"https:\/\/www.insuflaveissigadanca.com\/wp2020\/testemunhos\/","title":{"rendered":"TESTEMUNHOS"},"content":{"rendered":"\n<div class=\"wp-block-columns is-layout-flex wp-container-core-columns-is-layout-1 wp-block-columns-is-layout-flex\">\n<div class=\"wp-block-column is-layout-flow wp-block-column-is-layout-flow\">\n<figure class=\"wp-block-image size-full\"><img loading=\"lazy\" decoding=\"async\" width=\"577\" height=\"433\" src=\"https:\/\/www.insuflaveissigadanca.com\/wp2020\/wp-content\/uploads\/2025\/04\/EscorregaToxic-1.png\" alt=\"\" class=\"wp-image-632\" srcset=\"https:\/\/www.insuflaveissigadanca.com\/wp2020\/wp-content\/uploads\/2025\/04\/EscorregaToxic-1.png 577w, https:\/\/www.insuflaveissigadanca.com\/wp2020\/wp-content\/uploads\/2025\/04\/EscorregaToxic-1-300x225.png 300w\" sizes=\"auto, (max-width: 577px) 100vw, 577px\" \/><\/figure>\n<\/div>\n\n\n\n<div class=\"wp-block-column is-layout-flow wp-block-column-is-layout-flow\">\n<figure class=\"wp-block-image size-full\"><img loading=\"lazy\" decoding=\"async\" width=\"665\" height=\"375\" src=\"https:\/\/www.insuflaveissigadanca.com\/wp2020\/wp-content\/uploads\/2025\/04\/Colorido_com_CR7.png\" alt=\"\" class=\"wp-image-633\" srcset=\"https:\/\/www.insuflaveissigadanca.com\/wp2020\/wp-content\/uploads\/2025\/04\/Colorido_com_CR7.png 665w, https:\/\/www.insuflaveissigadanca.com\/wp2020\/wp-content\/uploads\/2025\/04\/Colorido_com_CR7-300x169.png 300w\" sizes=\"auto, (max-width: 665px) 100vw, 665px\" \/><\/figure>\n<\/div>\n\n\n\n<div class=\"wp-block-column is-layout-flow wp-block-column-is-layout-flow\">\n<figure class=\"wp-block-image size-full\"><img loading=\"lazy\" decoding=\"async\" width=\"577\" height=\"433\" src=\"https:\/\/www.insuflaveissigadanca.com\/wp2020\/wp-content\/uploads\/2025\/04\/OBSTACULOS_A.png\" alt=\"\" class=\"wp-image-634\" srcset=\"https:\/\/www.insuflaveissigadanca.com\/wp2020\/wp-content\/uploads\/2025\/04\/OBSTACULOS_A.png 577w, https:\/\/www.insuflaveissigadanca.com\/wp2020\/wp-content\/uploads\/2025\/04\/OBSTACULOS_A-300x225.png 300w\" sizes=\"auto, (max-width: 577px) 100vw, 577px\" \/><\/figure>\n<\/div>\n<\/div>\n\n\n\n<div class=\"wp-block-columns is-layout-flex wp-container-core-columns-is-layout-2 wp-block-columns-is-layout-flex\"><\/div>\n\n\n\n<figure class=\"wp-block-image size-large\"><img loading=\"lazy\" decoding=\"async\" width=\"1024\" height=\"31\" src=\"https:\/\/www.insuflaveissigadanca.com\/wp2020\/wp-content\/uploads\/2025\/02\/separador-1024x31.jpg\" alt=\"\" class=\"wp-image-522\" srcset=\"https:\/\/www.insuflaveissigadanca.com\/wp2020\/wp-content\/uploads\/2025\/02\/separador-1024x31.jpg 1024w, https:\/\/www.insuflaveissigadanca.com\/wp2020\/wp-content\/uploads\/2025\/02\/separador-300x9.jpg 300w, https:\/\/www.insuflaveissigadanca.com\/wp2020\/wp-content\/uploads\/2025\/02\/separador-768x24.jpg 768w, https:\/\/www.insuflaveissigadanca.com\/wp2020\/wp-content\/uploads\/2025\/02\/separador.jpg 1305w\" sizes=\"auto, (max-width: 1024px) 100vw, 1024px\" \/><\/figure>\n\n\n\n<p class=\"has-text-align-center\">\u2611\ufe0f <strong><mark style=\"background-color:rgba(0, 0, 0, 0)\" class=\"has-inline-color has-vivid-purple-color\">RESERVE J\u00c1 O SEU INSUFL\u00c1VEL E O NOSSO SERVI\u00c7O DE ANIMA\u00c7\u00c3O E TENHA O QUE PRETENDE<br>\u2026 Eventos Sociais\u2026Festas infantis\u2026\u2026Festas de Anivers\u00e1rio\u2026 Casamentos\u2026 Batizados..<\/mark><\/strong><\/p>\n\n\n\n<p>O <strong><mark style=\"background-color:rgba(0, 0, 0, 0)\" class=\"has-inline-color has-vivid-red-color\">Aluguer de Insufl\u00e1veis em Leiria<\/mark><\/strong> e arredores , inclui entrega, montagem e recolha em hor\u00e1rio a combinar.\u00a0O valor \u00e9 di\u00e1rio, independentemente do n\u00famero de horas de utiliza\u00e7\u00e3o. O valor n\u00e3o inclui monitor.<\/p>\n\n\n\n<figure class=\"wp-block-image size-full\"><img loading=\"lazy\" decoding=\"async\" width=\"806\" height=\"204\" src=\"https:\/\/www.insuflaveissigadanca.com\/wp2020\/wp-content\/uploads\/2025\/02\/Testemunhos8.jpg\" alt=\"\" class=\"wp-image-520\" srcset=\"https:\/\/www.insuflaveissigadanca.com\/wp2020\/wp-content\/uploads\/2025\/02\/Testemunhos8.jpg 806w, https:\/\/www.insuflaveissigadanca.com\/wp2020\/wp-content\/uploads\/2025\/02\/Testemunhos8-300x76.jpg 300w, https:\/\/www.insuflaveissigadanca.com\/wp2020\/wp-content\/uploads\/2025\/02\/Testemunhos8-768x194.jpg 768w\" sizes=\"auto, (max-width: 806px) 100vw, 806px\" \/><\/figure>\n\n\n\n<figure class=\"wp-block-image size-large\"><img loading=\"lazy\" decoding=\"async\" width=\"1024\" height=\"31\" src=\"https:\/\/www.insuflaveissigadanca.com\/wp2020\/wp-content\/uploads\/2025\/02\/separador-1024x31.jpg\" alt=\"\" class=\"wp-image-522\" srcset=\"https:\/\/www.insuflaveissigadanca.com\/wp2020\/wp-content\/uploads\/2025\/02\/separador-1024x31.jpg 1024w, https:\/\/www.insuflaveissigadanca.com\/wp2020\/wp-content\/uploads\/2025\/02\/separador-300x9.jpg 300w, https:\/\/www.insuflaveissigadanca.com\/wp2020\/wp-content\/uploads\/2025\/02\/separador-768x24.jpg 768w, https:\/\/www.insuflaveissigadanca.com\/wp2020\/wp-content\/uploads\/2025\/02\/separador.jpg 1305w\" sizes=\"auto, (max-width: 1024px) 100vw, 1024px\" \/><\/figure>\n\n\n\n<figure class=\"wp-block-image size-full\"><img loading=\"lazy\" decoding=\"async\" width=\"417\" height=\"225\" src=\"https:\/\/www.insuflaveissigadanca.com\/wp2020\/wp-content\/uploads\/2025\/02\/Testemunhos7.jpg\" alt=\"\" class=\"wp-image-519\" srcset=\"https:\/\/www.insuflaveissigadanca.com\/wp2020\/wp-content\/uploads\/2025\/02\/Testemunhos7.jpg 417w, https:\/\/www.insuflaveissigadanca.com\/wp2020\/wp-content\/uploads\/2025\/02\/Testemunhos7-300x162.jpg 300w\" sizes=\"auto, (max-width: 417px) 100vw, 417px\" \/><\/figure>\n\n\n\n<figure class=\"wp-block-image size-large\"><img loading=\"lazy\" decoding=\"async\" width=\"1024\" height=\"31\" src=\"https:\/\/www.insuflaveissigadanca.com\/wp2020\/wp-content\/uploads\/2025\/02\/separador-1024x31.jpg\" alt=\"\" class=\"wp-image-522\" srcset=\"https:\/\/www.insuflaveissigadanca.com\/wp2020\/wp-content\/uploads\/2025\/02\/separador-1024x31.jpg 1024w, https:\/\/www.insuflaveissigadanca.com\/wp2020\/wp-content\/uploads\/2025\/02\/separador-300x9.jpg 300w, https:\/\/www.insuflaveissigadanca.com\/wp2020\/wp-content\/uploads\/2025\/02\/separador-768x24.jpg 768w, https:\/\/www.insuflaveissigadanca.com\/wp2020\/wp-content\/uploads\/2025\/02\/separador.jpg 1305w\" sizes=\"auto, (max-width: 1024px) 100vw, 1024px\" \/><\/figure>\n\n\n\n<figure class=\"wp-block-image size-full\"><img loading=\"lazy\" decoding=\"async\" width=\"798\" height=\"199\" src=\"https:\/\/www.insuflaveissigadanca.com\/wp2020\/wp-content\/uploads\/2025\/02\/Testemunhos6.jpg\" alt=\"\" class=\"wp-image-518\" srcset=\"https:\/\/www.insuflaveissigadanca.com\/wp2020\/wp-content\/uploads\/2025\/02\/Testemunhos6.jpg 798w, https:\/\/www.insuflaveissigadanca.com\/wp2020\/wp-content\/uploads\/2025\/02\/Testemunhos6-300x75.jpg 300w, https:\/\/www.insuflaveissigadanca.com\/wp2020\/wp-content\/uploads\/2025\/02\/Testemunhos6-768x192.jpg 768w\" sizes=\"auto, (max-width: 798px) 100vw, 798px\" \/><\/figure>\n\n\n\n<figure class=\"wp-block-image size-large\"><img loading=\"lazy\" decoding=\"async\" width=\"1024\" height=\"31\" src=\"https:\/\/www.insuflaveissigadanca.com\/wp2020\/wp-content\/uploads\/2025\/02\/separador-1024x31.jpg\" alt=\"\" class=\"wp-image-522\" srcset=\"https:\/\/www.insuflaveissigadanca.com\/wp2020\/wp-content\/uploads\/2025\/02\/separador-1024x31.jpg 1024w, https:\/\/www.insuflaveissigadanca.com\/wp2020\/wp-content\/uploads\/2025\/02\/separador-300x9.jpg 300w, https:\/\/www.insuflaveissigadanca.com\/wp2020\/wp-content\/uploads\/2025\/02\/separador-768x24.jpg 768w, https:\/\/www.insuflaveissigadanca.com\/wp2020\/wp-content\/uploads\/2025\/02\/separador.jpg 1305w\" sizes=\"auto, (max-width: 1024px) 100vw, 1024px\" \/><\/figure>\n\n\n\n<figure class=\"wp-block-image size-full\"><img loading=\"lazy\" decoding=\"async\" width=\"798\" height=\"202\" src=\"https:\/\/www.insuflaveissigadanca.com\/wp2020\/wp-content\/uploads\/2025\/02\/Testemunhos5.jpg\" alt=\"\" class=\"wp-image-517\" srcset=\"https:\/\/www.insuflaveissigadanca.com\/wp2020\/wp-content\/uploads\/2025\/02\/Testemunhos5.jpg 798w, https:\/\/www.insuflaveissigadanca.com\/wp2020\/wp-content\/uploads\/2025\/02\/Testemunhos5-300x76.jpg 300w, https:\/\/www.insuflaveissigadanca.com\/wp2020\/wp-content\/uploads\/2025\/02\/Testemunhos5-768x194.jpg 768w\" sizes=\"auto, (max-width: 798px) 100vw, 798px\" \/><\/figure>\n\n\n\n<figure class=\"wp-block-image size-large\"><img loading=\"lazy\" decoding=\"async\" width=\"1024\" height=\"31\" src=\"https:\/\/www.insuflaveissigadanca.com\/wp2020\/wp-content\/uploads\/2025\/02\/separador-1024x31.jpg\" alt=\"\" class=\"wp-image-522\" srcset=\"https:\/\/www.insuflaveissigadanca.com\/wp2020\/wp-content\/uploads\/2025\/02\/separador-1024x31.jpg 1024w, https:\/\/www.insuflaveissigadanca.com\/wp2020\/wp-content\/uploads\/2025\/02\/separador-300x9.jpg 300w, https:\/\/www.insuflaveissigadanca.com\/wp2020\/wp-content\/uploads\/2025\/02\/separador-768x24.jpg 768w, https:\/\/www.insuflaveissigadanca.com\/wp2020\/wp-content\/uploads\/2025\/02\/separador.jpg 1305w\" sizes=\"auto, (max-width: 1024px) 100vw, 1024px\" \/><\/figure>\n\n\n\n<figure class=\"wp-block-image size-full\"><img loading=\"lazy\" decoding=\"async\" width=\"528\" height=\"219\" src=\"https:\/\/www.insuflaveissigadanca.com\/wp2020\/wp-content\/uploads\/2025\/02\/Testemunhos1.jpg\" alt=\"\" class=\"wp-image-513\" srcset=\"https:\/\/www.insuflaveissigadanca.com\/wp2020\/wp-content\/uploads\/2025\/02\/Testemunhos1.jpg 528w, https:\/\/www.insuflaveissigadanca.com\/wp2020\/wp-content\/uploads\/2025\/02\/Testemunhos1-300x124.jpg 300w\" sizes=\"auto, (max-width: 528px) 100vw, 528px\" \/><\/figure>\n\n\n\n<figure class=\"wp-block-image size-large\"><img loading=\"lazy\" decoding=\"async\" width=\"1024\" height=\"31\" src=\"https:\/\/www.insuflaveissigadanca.com\/wp2020\/wp-content\/uploads\/2025\/02\/separador-1024x31.jpg\" alt=\"\" class=\"wp-image-522\" srcset=\"https:\/\/www.insuflaveissigadanca.com\/wp2020\/wp-content\/uploads\/2025\/02\/separador-1024x31.jpg 1024w, https:\/\/www.insuflaveissigadanca.com\/wp2020\/wp-content\/uploads\/2025\/02\/separador-300x9.jpg 300w, https:\/\/www.insuflaveissigadanca.com\/wp2020\/wp-content\/uploads\/2025\/02\/separador-768x24.jpg 768w, https:\/\/www.insuflaveissigadanca.com\/wp2020\/wp-content\/uploads\/2025\/02\/separador.jpg 1305w\" sizes=\"auto, (max-width: 1024px) 100vw, 1024px\" \/><\/figure>\n\n\n\n<figure class=\"wp-block-image size-full is-resized\"><img loading=\"lazy\" decoding=\"async\" width=\"738\" height=\"182\" src=\"https:\/\/www.insuflaveissigadanca.com\/wp2020\/wp-content\/uploads\/2025\/02\/Testemunhos2.jpg\" alt=\"\" class=\"wp-image-514\" style=\"width:840px;height:auto\" srcset=\"https:\/\/www.insuflaveissigadanca.com\/wp2020\/wp-content\/uploads\/2025\/02\/Testemunhos2.jpg 738w, https:\/\/www.insuflaveissigadanca.com\/wp2020\/wp-content\/uploads\/2025\/02\/Testemunhos2-300x74.jpg 300w\" sizes=\"auto, (max-width: 738px) 100vw, 738px\" \/><\/figure>\n\n\n\n<figure class=\"wp-block-image size-large\"><img loading=\"lazy\" decoding=\"async\" width=\"1024\" height=\"31\" src=\"https:\/\/www.insuflaveissigadanca.com\/wp2020\/wp-content\/uploads\/2025\/02\/separador-1024x31.jpg\" alt=\"\" class=\"wp-image-522\" srcset=\"https:\/\/www.insuflaveissigadanca.com\/wp2020\/wp-content\/uploads\/2025\/02\/separador-1024x31.jpg 1024w, https:\/\/www.insuflaveissigadanca.com\/wp2020\/wp-content\/uploads\/2025\/02\/separador-300x9.jpg 300w, https:\/\/www.insuflaveissigadanca.com\/wp2020\/wp-content\/uploads\/2025\/02\/separador-768x24.jpg 768w, https:\/\/www.insuflaveissigadanca.com\/wp2020\/wp-content\/uploads\/2025\/02\/separador.jpg 1305w\" sizes=\"auto, (max-width: 1024px) 100vw, 1024px\" \/><\/figure>\n\n\n\n<p>Se quiser ver mais <strong>cr\u00edticas\/coment\u00e1rios<\/strong> sobre n\u00f3s pode ver aqui:<\/p>\n\n\n\n<ul class=\"wp-block-list\">\n<li><a href=\"https:\/\/www.facebook.com\/alugarinsuflaveis\/reviews\"><strong><em><mark style=\"background-color:rgba(0, 0, 0, 0)\" class=\"has-inline-color has-vivid-green-cyan-color\">FACEBOOK &#8211; COMENT\u00c1RIOS<\/mark><\/em><\/strong><\/a><\/li>\n\n\n\n<li><strong><em><a href=\"https:\/\/www.google.com\/maps\/place\/Insufl%C3%A1veis+Sigadan%C3%A7a\/@39.6129011,-9.0632441,17z\/data=!4m18!1m9!3m8!1s0xd18a9a4d143fc73:0xcd437f74e1694830!2sInsufl%C3%A1veis+Sigadan%C3%A7a!8m2!3d39.6129011!4d-9.0632441!9m1!1b1!16s%2Fg%2F11rmsv1855!3m7!1s0xd18a9a4d143fc73:0xcd437f74e1694830!8m2!3d39.6129011!4d-9.0632441!9m1!1b1!16s%2Fg%2F11rmsv1855?entry=ttu&amp;g_ep=EgoyMDI1MDQyMy4wIKXMDSoASAFQAw%3D%3D\"><mark style=\"background-color:rgba(0, 0, 0, 0)\" class=\"has-inline-color has-vivid-red-color\">GOOGLE &#8211; COMENT\u00c1RIOS<\/mark><\/a><\/em><\/strong><\/li>\n<\/ul>\n\n\n\n<h2 class=\"wp-block-heading\">Deixe-nos a sua opini\u00e3o sobre o nosso servi\u00e7o.. para n\u00f3s o que PENSA \u00e9 IMPORTANTE E AJUDA-NOS A CRESCER. E-Mail para <a href=\"mailto:ricardosiga@hotmail.com\">ricardosiga@hotmail.com<\/a><\/h2>\n\n\n<div class=\"wp-block-image\">\n<figure class=\"aligncenter size-full is-resized\"><a href=\"https:\/\/www.insuflaveissigadanca.com\/Condicoes_siga.pdf\"><img loading=\"lazy\" decoding=\"async\" width=\"800\" height=\"143\" src=\"https:\/\/www.insuflaveissigadanca.com\/wp2020\/wp-content\/uploads\/2025\/04\/DOWNLOADcATALOGO-1.gif\" alt=\"\" class=\"wp-image-654\" style=\"width:425px;height:auto\"\/><\/a><\/figure><\/div>\n\n\n<h2 class=\"wp-block-heading has-text-align-center has-vivid-red-color has-white-background-color has-text-color has-background has-medium-font-size\"><a href=\"https:\/\/wa.me\/+351962681694\">ALUGUE AGORA!<\/a><\/h2>\n\n\n<div class=\"wp-block-image\">\n<figure class=\"aligncenter size-full is-resized\"><a href=\"https:\/\/wa.me\/+351962579689\"><img loading=\"lazy\" decoding=\"async\" width=\"474\" height=\"474\" src=\"https:\/\/www.insuflaveissigadanca.com\/wp2020\/wp-content\/uploads\/2023\/11\/OIP-3.jpeg\" alt=\"\" class=\"wp-image-438\" style=\"aspect-ratio:1;width:60px;height:auto\" srcset=\"https:\/\/www.insuflaveissigadanca.com\/wp2020\/wp-content\/uploads\/2023\/11\/OIP-3.jpeg 474w, https:\/\/www.insuflaveissigadanca.com\/wp2020\/wp-content\/uploads\/2023\/11\/OIP-3-300x300.jpeg 300w, https:\/\/www.insuflaveissigadanca.com\/wp2020\/wp-content\/uploads\/2023\/11\/OIP-3-150x150.jpeg 150w\" sizes=\"auto, (max-width: 474px) 100vw, 474px\" \/><\/a><\/figure><\/div> ","protected":false},"excerpt":{"rendered":"<p>\u2611\ufe0f RESERVE J\u00c1 O SEU INSUFL\u00c1VEL E O NOSSO SERVI\u00c7O DE ANIMA\u00c7\u00c3O E TENHA O QUE PRETENDE\u2026 Eventos Sociais\u2026Festas infantis\u2026\u2026Festas de Anivers\u00e1rio\u2026 Casamentos\u2026 Batizados.. O Aluguer de Insufl\u00e1veis em Leiria e arredores , inclui entrega, montagem e recolha em hor\u00e1rio a combinar.\u00a0O valor \u00e9 di\u00e1rio, independentemente do n\u00famero de horas de utiliza\u00e7\u00e3o. O valor n\u00e3o [&hellip;]<\/p>\n","protected":false},"author":1,"featured_media":0,"parent":0,"menu_order":0,"comment_status":"closed","ping_status":"closed","template":"","meta":{"footnotes":""},"class_list":["post-512","page","type-page","status-publish","hentry"],"yoast_head":"<!-- This site is optimized with the Yoast SEO plugin v24.5 - https:\/\/yoast.com\/wordpress\/plugins\/seo\/ -->\n<title>TESTEMUNHOS |<\/title>\n<meta name=\"description\" content=\"Deixe-nos a sua opini\u00e3o sobre o nosso servi\u00e7o.. para n\u00f3s o que acha \u00e9 IMPORTANTE. Mail para ricardosiga@hotmail.com\" \/>\n<meta name=\"robots\" content=\"index, follow, max-snippet:-1, max-image-preview:large, max-video-preview:-1\" \/>\n<link rel=\"canonical\" href=\"https:\/\/www.insuflaveissigadanca.com\/wp2020\/testemunhos\/\" \/>\n<meta property=\"og:locale\" content=\"pt_PT\" \/>\n<meta property=\"og:type\" content=\"article\" \/>\n<meta property=\"og:title\" content=\"TESTEMUNHOS |\" \/>\n<meta property=\"og:description\" content=\"Deixe-nos a sua opini\u00e3o sobre o nosso servi\u00e7o.. para n\u00f3s o que acha \u00e9 IMPORTANTE. Mail para ricardosiga@hotmail.com\" \/>\n<meta property=\"og:url\" content=\"https:\/\/www.insuflaveissigadanca.com\/wp2020\/testemunhos\/\" \/>\n<meta property=\"article:modified_time\" content=\"2025-05-10T06:04:49+00:00\" \/>\n<meta property=\"og:image\" content=\"https:\/\/www.insuflaveissigadanca.com\/wp2020\/wp-content\/uploads\/2025\/04\/EscorregaToxic-1.png\" \/>\n\t<meta property=\"og:image:width\" content=\"577\" \/>\n\t<meta property=\"og:image:height\" content=\"433\" \/>\n\t<meta property=\"og:image:type\" content=\"image\/png\" \/>\n<meta name=\"twitter:card\" content=\"summary_large_image\" \/>\n<meta name=\"twitter:label1\" content=\"Tempo estimado de leitura\" \/>\n\t<meta name=\"twitter:data1\" content=\"5 minutos\" \/>\n<script type=\"application\/ld+json\" class=\"yoast-schema-graph\">{\"@context\":\"https:\/\/schema.org\",\"@graph\":[{\"@type\":\"WebPage\",\"@id\":\"https:\/\/www.insuflaveissigadanca.com\/wp2020\/testemunhos\/\",\"url\":\"https:\/\/www.insuflaveissigadanca.com\/wp2020\/testemunhos\/\",\"name\":\"TESTEMUNHOS |\",\"isPartOf\":{\"@id\":\"https:\/\/www.insuflaveissigadanca.com\/wp2020\/#website\"},\"primaryImageOfPage\":{\"@id\":\"https:\/\/www.insuflaveissigadanca.com\/wp2020\/testemunhos\/#primaryimage\"},\"image\":{\"@id\":\"https:\/\/www.insuflaveissigadanca.com\/wp2020\/testemunhos\/#primaryimage\"},\"thumbnailUrl\":\"https:\/\/www.insuflaveissigadanca.com\/wp2020\/wp-content\/uploads\/2025\/04\/EscorregaToxic-1.png\",\"datePublished\":\"2025-02-06T11:30:58+00:00\",\"dateModified\":\"2025-05-10T06:04:49+00:00\",\"description\":\"Deixe-nos a sua opini\u00e3o sobre o nosso servi\u00e7o.. para n\u00f3s o que acha \u00e9 IMPORTANTE. Mail para ricardosiga@hotmail.com\",\"breadcrumb\":{\"@id\":\"https:\/\/www.insuflaveissigadanca.com\/wp2020\/testemunhos\/#breadcrumb\"},\"inLanguage\":\"pt-PT\",\"potentialAction\":[{\"@type\":\"ReadAction\",\"target\":[\"https:\/\/www.insuflaveissigadanca.com\/wp2020\/testemunhos\/\"]}]},{\"@type\":\"ImageObject\",\"inLanguage\":\"pt-PT\",\"@id\":\"https:\/\/www.insuflaveissigadanca.com\/wp2020\/testemunhos\/#primaryimage\",\"url\":\"https:\/\/www.insuflaveissigadanca.com\/wp2020\/wp-content\/uploads\/2025\/04\/EscorregaToxic-1.png\",\"contentUrl\":\"https:\/\/www.insuflaveissigadanca.com\/wp2020\/wp-content\/uploads\/2025\/04\/EscorregaToxic-1.png\",\"width\":577,\"height\":433},{\"@type\":\"BreadcrumbList\",\"@id\":\"https:\/\/www.insuflaveissigadanca.com\/wp2020\/testemunhos\/#breadcrumb\",\"itemListElement\":[{\"@type\":\"ListItem\",\"position\":1,\"name\":\"In\u00edcio\",\"item\":\"https:\/\/www.insuflaveissigadanca.com\/wp2020\/\"},{\"@type\":\"ListItem\",\"position\":2,\"name\":\"TESTEMUNHOS\"}]},{\"@type\":\"WebSite\",\"@id\":\"https:\/\/www.insuflaveissigadanca.com\/wp2020\/#website\",\"url\":\"https:\/\/www.insuflaveissigadanca.com\/wp2020\/\",\"name\":\"Insufl\u00e1veis Sigadan\u00e7a\",\"description\":\"H\u00e1 mais de 18 anos a animar a sua festa\",\"publisher\":{\"@id\":\"https:\/\/www.insuflaveissigadanca.com\/wp2020\/#organization\"},\"potentialAction\":[{\"@type\":\"SearchAction\",\"target\":{\"@type\":\"EntryPoint\",\"urlTemplate\":\"https:\/\/www.insuflaveissigadanca.com\/wp2020\/?s={search_term_string}\"},\"query-input\":{\"@type\":\"PropertyValueSpecification\",\"valueRequired\":true,\"valueName\":\"search_term_string\"}}],\"inLanguage\":\"pt-PT\"},{\"@type\":\"Organization\",\"@id\":\"https:\/\/www.insuflaveissigadanca.com\/wp2020\/#organization\",\"name\":\"Insufl\u00e1veis Sigadan\u00e7a\",\"url\":\"https:\/\/www.insuflaveissigadanca.com\/wp2020\/\",\"logo\":{\"@type\":\"ImageObject\",\"inLanguage\":\"pt-PT\",\"@id\":\"https:\/\/www.insuflaveissigadanca.com\/wp2020\/#\/schema\/logo\/image\/\",\"url\":\"https:\/\/www.insuflaveissigadanca.com\/wp2020\/wp-content\/uploads\/2020\/12\/2020.png\",\"contentUrl\":\"https:\/\/www.insuflaveissigadanca.com\/wp2020\/wp-content\/uploads\/2020\/12\/2020.png\",\"width\":473,\"height\":183,\"caption\":\"Insufl\u00e1veis Sigadan\u00e7a\"},\"image\":{\"@id\":\"https:\/\/www.insuflaveissigadanca.com\/wp2020\/#\/schema\/logo\/image\/\"}}]}<\/script>\n<!-- \/ Yoast SEO plugin. -->","yoast_head_json":{"title":"TESTEMUNHOS |","description":"Deixe-nos a sua opini\u00e3o sobre o nosso servi\u00e7o.. para n\u00f3s o que acha \u00e9 IMPORTANTE. Mail para ricardosiga@hotmail.com","robots":{"index":"index","follow":"follow","max-snippet":"max-snippet:-1","max-image-preview":"max-image-preview:large","max-video-preview":"max-video-preview:-1"},"canonical":"https:\/\/www.insuflaveissigadanca.com\/wp2020\/testemunhos\/","og_locale":"pt_PT","og_type":"article","og_title":"TESTEMUNHOS |","og_description":"Deixe-nos a sua opini\u00e3o sobre o nosso servi\u00e7o.. para n\u00f3s o que acha \u00e9 IMPORTANTE. Mail para ricardosiga@hotmail.com","og_url":"https:\/\/www.insuflaveissigadanca.com\/wp2020\/testemunhos\/","article_modified_time":"2025-05-10T06:04:49+00:00","og_image":[{"width":577,"height":433,"url":"https:\/\/www.insuflaveissigadanca.com\/wp2020\/wp-content\/uploads\/2025\/04\/EscorregaToxic-1.png","type":"image\/png"}],"twitter_card":"summary_large_image","twitter_misc":{"Tempo estimado de leitura":"5 minutos"},"schema":{"@context":"https:\/\/schema.org","@graph":[{"@type":"WebPage","@id":"https:\/\/www.insuflaveissigadanca.com\/wp2020\/testemunhos\/","url":"https:\/\/www.insuflaveissigadanca.com\/wp2020\/testemunhos\/","name":"TESTEMUNHOS |","isPartOf":{"@id":"https:\/\/www.insuflaveissigadanca.com\/wp2020\/#website"},"primaryImageOfPage":{"@id":"https:\/\/www.insuflaveissigadanca.com\/wp2020\/testemunhos\/#primaryimage"},"image":{"@id":"https:\/\/www.insuflaveissigadanca.com\/wp2020\/testemunhos\/#primaryimage"},"thumbnailUrl":"https:\/\/www.insuflaveissigadanca.com\/wp2020\/wp-content\/uploads\/2025\/04\/EscorregaToxic-1.png","datePublished":"2025-02-06T11:30:58+00:00","dateModified":"2025-05-10T06:04:49+00:00","description":"Deixe-nos a sua opini\u00e3o sobre o nosso servi\u00e7o.. para n\u00f3s o que acha \u00e9 IMPORTANTE. Mail para ricardosiga@hotmail.com","breadcrumb":{"@id":"https:\/\/www.insuflaveissigadanca.com\/wp2020\/testemunhos\/#breadcrumb"},"inLanguage":"pt-PT","potentialAction":[{"@type":"ReadAction","target":["https:\/\/www.insuflaveissigadanca.com\/wp2020\/testemunhos\/"]}]},{"@type":"ImageObject","inLanguage":"pt-PT","@id":"https:\/\/www.insuflaveissigadanca.com\/wp2020\/testemunhos\/#primaryimage","url":"https:\/\/www.insuflaveissigadanca.com\/wp2020\/wp-content\/uploads\/2025\/04\/EscorregaToxic-1.png","contentUrl":"https:\/\/www.insuflaveissigadanca.com\/wp2020\/wp-content\/uploads\/2025\/04\/EscorregaToxic-1.png","width":577,"height":433},{"@type":"BreadcrumbList","@id":"https:\/\/www.insuflaveissigadanca.com\/wp2020\/testemunhos\/#breadcrumb","itemListElement":[{"@type":"ListItem","position":1,"name":"In\u00edcio","item":"https:\/\/www.insuflaveissigadanca.com\/wp2020\/"},{"@type":"ListItem","position":2,"name":"TESTEMUNHOS"}]},{"@type":"WebSite","@id":"https:\/\/www.insuflaveissigadanca.com\/wp2020\/#website","url":"https:\/\/www.insuflaveissigadanca.com\/wp2020\/","name":"Insufl\u00e1veis Sigadan\u00e7a","description":"H\u00e1 mais de 18 anos a animar a sua festa","publisher":{"@id":"https:\/\/www.insuflaveissigadanca.com\/wp2020\/#organization"},"potentialAction":[{"@type":"SearchAction","target":{"@type":"EntryPoint","urlTemplate":"https:\/\/www.insuflaveissigadanca.com\/wp2020\/?s={search_term_string}"},"query-input":{"@type":"PropertyValueSpecification","valueRequired":true,"valueName":"search_term_string"}}],"inLanguage":"pt-PT"},{"@type":"Organization","@id":"https:\/\/www.insuflaveissigadanca.com\/wp2020\/#organization","name":"Insufl\u00e1veis Sigadan\u00e7a","url":"https:\/\/www.insuflaveissigadanca.com\/wp2020\/","logo":{"@type":"ImageObject","inLanguage":"pt-PT","@id":"https:\/\/www.insuflaveissigadanca.com\/wp2020\/#\/schema\/logo\/image\/","url":"https:\/\/www.insuflaveissigadanca.com\/wp2020\/wp-content\/uploads\/2020\/12\/2020.png","contentUrl":"https:\/\/www.insuflaveissigadanca.com\/wp2020\/wp-content\/uploads\/2020\/12\/2020.png","width":473,"height":183,"caption":"Insufl\u00e1veis Sigadan\u00e7a"},"image":{"@id":"https:\/\/www.insuflaveissigadanca.com\/wp2020\/#\/schema\/logo\/image\/"}}]}},"_links":{"self":[{"href":"https:\/\/www.insuflaveissigadanca.com\/wp2020\/wp-json\/wp\/v2\/pages\/512","targetHints":{"allow":["GET"]}}],"collection":[{"href":"https:\/\/www.insuflaveissigadanca.com\/wp2020\/wp-json\/wp\/v2\/pages"}],"about":[{"href":"https:\/\/www.insuflaveissigadanca.com\/wp2020\/wp-json\/wp\/v2\/types\/page"}],"author":[{"embeddable":true,"href":"https:\/\/www.insuflaveissigadanca.com\/wp2020\/wp-json\/wp\/v2\/users\/1"}],"replies":[{"embeddable":true,"href":"https:\/\/www.insuflaveissigadanca.com\/wp2020\/wp-json\/wp\/v2\/comments?post=512"}],"version-history":[{"count":15,"href":"https:\/\/www.insuflaveissigadanca.com\/wp2020\/wp-json\/wp\/v2\/pages\/512\/revisions"}],"predecessor-version":[{"id":691,"href":"https:\/\/www.insuflaveissigadanca.com\/wp2020\/wp-json\/wp\/v2\/pages\/512\/revisions\/691"}],"wp:attachment":[{"href":"https:\/\/www.insuflaveissigadanca.com\/wp2020\/wp-json\/wp\/v2\/media?parent=512"}],"curies":[{"name":"wp","href":"https:\/\/api.w.org\/{rel}","templated":true}]}}