{"id":28,"date":"2020-11-20T10:19:12","date_gmt":"2020-11-20T10:19:12","guid":{"rendered":"https:\/\/insuflaveissigadanca.com\/wp2020\/?page_id=28"},"modified":"2025-05-10T06:02:08","modified_gmt":"2025-05-10T06:02:08","slug":"contacto-alugar-insuflaveis-leiria","status":"publish","type":"page","link":"https:\/\/www.insuflaveissigadanca.com\/wp2020\/contacto-alugar-insuflaveis-leiria\/","title":{"rendered":"Contacto"},"content":{"rendered":"\n<div class=\"wp-block-columns is-layout-flex wp-container-core-columns-is-layout-1 wp-block-columns-is-layout-flex\">\n<div class=\"wp-block-column is-layout-flow wp-block-column-is-layout-flow\"><div class=\"wp-block-image\">\n<figure class=\"alignright size-full\"><img loading=\"lazy\" decoding=\"async\" width=\"577\" height=\"433\" src=\"https:\/\/www.insuflaveissigadanca.com\/wp2020\/wp-content\/uploads\/2025\/04\/LegoHeroisFoto4.png\" alt=\"\" class=\"wp-image-620\" srcset=\"https:\/\/www.insuflaveissigadanca.com\/wp2020\/wp-content\/uploads\/2025\/04\/LegoHeroisFoto4.png 577w, https:\/\/www.insuflaveissigadanca.com\/wp2020\/wp-content\/uploads\/2025\/04\/LegoHeroisFoto4-300x225.png 300w\" sizes=\"auto, (max-width: 577px) 100vw, 577px\" \/><\/figure><\/div><\/div>\n\n\n\n<div class=\"wp-block-column is-layout-flow wp-block-column-is-layout-flow\">\n<figure class=\"wp-block-image size-full\"><img loading=\"lazy\" decoding=\"async\" width=\"577\" height=\"433\" src=\"https:\/\/www.insuflaveissigadanca.com\/wp2020\/wp-content\/uploads\/2025\/04\/CasteloPrincesas.png\" alt=\"\" class=\"wp-image-619\" srcset=\"https:\/\/www.insuflaveissigadanca.com\/wp2020\/wp-content\/uploads\/2025\/04\/CasteloPrincesas.png 577w, https:\/\/www.insuflaveissigadanca.com\/wp2020\/wp-content\/uploads\/2025\/04\/CasteloPrincesas-300x225.png 300w\" sizes=\"auto, (max-width: 577px) 100vw, 577px\" \/><\/figure>\n<\/div>\n\n\n\n<div class=\"wp-block-column is-layout-flow wp-block-column-is-layout-flow\">\n<figure class=\"wp-block-image size-full\"><img loading=\"lazy\" decoding=\"async\" width=\"500\" height=\"500\" src=\"https:\/\/www.insuflaveissigadanca.com\/wp2020\/wp-content\/uploads\/2025\/04\/Pipocas.png\" alt=\"\" class=\"wp-image-621\" srcset=\"https:\/\/www.insuflaveissigadanca.com\/wp2020\/wp-content\/uploads\/2025\/04\/Pipocas.png 500w, https:\/\/www.insuflaveissigadanca.com\/wp2020\/wp-content\/uploads\/2025\/04\/Pipocas-300x300.png 300w, https:\/\/www.insuflaveissigadanca.com\/wp2020\/wp-content\/uploads\/2025\/04\/Pipocas-150x150.png 150w\" sizes=\"auto, (max-width: 500px) 100vw, 500px\" \/><\/figure>\n<\/div>\n<\/div>\n\n\n\n<div class=\"wp-block-columns is-layout-flex wp-container-core-columns-is-layout-2 wp-block-columns-is-layout-flex\"><\/div>\n\n\n\n<p class=\"has-text-align-center\">\u2611\ufe0f <strong><mark style=\"background-color:rgba(0, 0, 0, 0)\" class=\"has-inline-color has-vivid-purple-color\">RESERVE J\u00c1 O SEU INSUFL\u00c1VEL E O NOSSO SERVI\u00c7O DE ANIMA\u00c7\u00c3O E TENHA O QUE PRETENDE<br>\u2026 Eventos Sociais\u2026Festas infantis\u2026\u2026Festas de Anivers\u00e1rio\u2026 Casamentos\u2026 Batizados..<\/mark><\/strong><\/p>\n\n\n\n<p>O <strong><mark style=\"background-color:rgba(0, 0, 0, 0)\" class=\"has-inline-color has-vivid-red-color\">Aluguer de Insufl\u00e1veis em Leiria<\/mark><\/strong> e arredores , inclui entrega, montagem e recolha em hor\u00e1rio a combinar.\u00a0O valor \u00e9 di\u00e1rio, independentemente do n\u00famero de horas de utiliza\u00e7\u00e3o. O valor n\u00e3o inclui monitor.<\/p>\n\n\n\n<p>Para solicitar or\u00e7amento para o seu evento pode contatar diretamente os respons\u00e1veis atrav\u00e9s de um dos seguintes contatos:<\/p>\n\n\n\n<h2 class=\"wp-block-heading has-text-align-center\"><strong><u>EMAIL: <\/u><\/strong><a href=\"mailto:ricardosiga@hotmail.com\"><strong>ricardosiga@hotmail.com<\/strong><\/a><\/h2>\n\n\n\n<h1 class=\"wp-block-heading has-text-align-center has-vivid-red-color has-text-color\"><strong><a href=\"https:\/\/wa.me\/+351962579689\">962579689<\/a> ou <a href=\"https:\/\/wa.me\/+351962681694\">962681694<\/a><\/strong><\/h1>\n\n\n<div class=\"wp-block-image\">\n<figure class=\"aligncenter size-full is-resized\"><a href=\"https:\/\/www.insuflaveissigadanca.com\/Condicoes_siga.pdf\"><img loading=\"lazy\" decoding=\"async\" width=\"800\" height=\"143\" src=\"https:\/\/www.insuflaveissigadanca.com\/wp2020\/wp-content\/uploads\/2025\/04\/DOWNLOADcATALOGO-1.gif\" alt=\"\" class=\"wp-image-654\" style=\"width:425px;height:auto\"\/><\/a><\/figure><\/div>\n\n<div class=\"wp-block-image is-resized is-style-rounded\">\n<figure class=\"aligncenter size-full\"><a href=\"http:\/\/www.insuflaveissigadanca.com\/Condicoes_siga.pdf\"><img loading=\"lazy\" decoding=\"async\" width=\"577\" height=\"433\" src=\"https:\/\/www.insuflaveissigadanca.com\/wp2020\/wp-content\/uploads\/2025\/04\/CasteloPrincesasFotos4-removebg-preview-1.png\" alt=\"\" class=\"wp-image-574\" style=\"aspect-ratio:1.7777777777777777;width:234px;height:auto\" srcset=\"https:\/\/www.insuflaveissigadanca.com\/wp2020\/wp-content\/uploads\/2025\/04\/CasteloPrincesasFotos4-removebg-preview-1.png 577w, https:\/\/www.insuflaveissigadanca.com\/wp2020\/wp-content\/uploads\/2025\/04\/CasteloPrincesasFotos4-removebg-preview-1-300x225.png 300w\" sizes=\"auto, (max-width: 577px) 100vw, 577px\" \/><\/a><\/figure><\/div>\n\n\n<h2 class=\"wp-block-heading has-text-align-center\"><a href=\"https:\/\/wa.me\/+351962579689\">ALUGUE AGORA!<\/a><\/h2>\n\n\n<div class=\"wp-block-image\">\n<figure class=\"aligncenter size-full is-resized\"><a href=\"https:\/\/wa.me\/+351962579689\"><img loading=\"lazy\" decoding=\"async\" width=\"474\" height=\"474\" src=\"https:\/\/www.insuflaveissigadanca.com\/wp2020\/wp-content\/uploads\/2023\/11\/OIP-1.jpeg\" alt=\"\" class=\"wp-image-399\" style=\"aspect-ratio:1;width:92px;height:auto\" srcset=\"https:\/\/www.insuflaveissigadanca.com\/wp2020\/wp-content\/uploads\/2023\/11\/OIP-1.jpeg 474w, https:\/\/www.insuflaveissigadanca.com\/wp2020\/wp-content\/uploads\/2023\/11\/OIP-1-300x300.jpeg 300w, https:\/\/www.insuflaveissigadanca.com\/wp2020\/wp-content\/uploads\/2023\/11\/OIP-1-150x150.jpeg 150w\" sizes=\"auto, (max-width: 474px) 100vw, 474px\" \/><\/a><\/figure><\/div> ","protected":false},"excerpt":{"rendered":"<p>\u2611\ufe0f RESERVE J\u00c1 O SEU INSUFL\u00c1VEL E O NOSSO SERVI\u00c7O DE ANIMA\u00c7\u00c3O E TENHA O QUE PRETENDE\u2026 Eventos Sociais\u2026Festas infantis\u2026\u2026Festas de Anivers\u00e1rio\u2026 Casamentos\u2026 Batizados.. O Aluguer de Insufl\u00e1veis em Leiria e arredores , inclui entrega, montagem e recolha em hor\u00e1rio a combinar.\u00a0O valor \u00e9 di\u00e1rio, independentemente do n\u00famero de horas de utiliza\u00e7\u00e3o. O valor n\u00e3o [&hellip;]<\/p>\n","protected":false},"author":1,"featured_media":23,"parent":0,"menu_order":0,"comment_status":"closed","ping_status":"closed","template":"","meta":{"footnotes":""},"class_list":["post-28","page","type-page","status-publish","has-post-thumbnail","hentry"],"yoast_head":"<!-- This site is optimized with the Yoast SEO plugin v24.5 - https:\/\/yoast.com\/wordpress\/plugins\/seo\/ -->\n<title>Contacto |<\/title>\n<meta name=\"description\" content=\"Aluguer de Insuflaveis Leiria; Aluguer de Insufl\u00e1veis para festas em Nazar\u00e9, Alcoba\u00e7a, Caldas da Rainha, \u00d3bidos, Leiria, Marinha Grande, Rio Maior, Mira de Aire, Bombarral, etc\" \/>\n<meta name=\"robots\" content=\"index, follow, max-snippet:-1, max-image-preview:large, max-video-preview:-1\" \/>\n<link rel=\"canonical\" href=\"https:\/\/www.insuflaveissigadanca.com\/wp2020\/contacto-alugar-insuflaveis-leiria\/\" \/>\n<meta property=\"og:locale\" content=\"pt_PT\" \/>\n<meta property=\"og:type\" content=\"article\" \/>\n<meta property=\"og:title\" content=\"Contacto |\" \/>\n<meta property=\"og:description\" content=\"Aluguer de Insuflaveis Leiria; Aluguer de Insufl\u00e1veis para festas em Nazar\u00e9, Alcoba\u00e7a, Caldas da Rainha, \u00d3bidos, Leiria, Marinha Grande, Rio Maior, Mira de Aire, Bombarral, etc\" \/>\n<meta property=\"og:url\" content=\"https:\/\/www.insuflaveissigadanca.com\/wp2020\/contacto-alugar-insuflaveis-leiria\/\" \/>\n<meta property=\"article:modified_time\" content=\"2025-05-10T06:02:08+00:00\" \/>\n<meta property=\"og:image\" content=\"https:\/\/www.insuflaveissigadanca.com\/wp2020\/wp-content\/uploads\/2020\/11\/espresso.jpg\" \/>\n\t<meta property=\"og:image:width\" content=\"2000\" \/>\n\t<meta property=\"og:image:height\" content=\"1200\" \/>\n\t<meta property=\"og:image:type\" content=\"image\/jpeg\" \/>\n<meta name=\"twitter:card\" content=\"summary_large_image\" \/>\n<meta name=\"twitter:label1\" content=\"Tempo estimado de leitura\" \/>\n\t<meta name=\"twitter:data1\" content=\"2 minutos\" \/>\n<script type=\"application\/ld+json\" class=\"yoast-schema-graph\">{\"@context\":\"https:\/\/schema.org\",\"@graph\":[{\"@type\":\"WebPage\",\"@id\":\"https:\/\/www.insuflaveissigadanca.com\/wp2020\/contacto-alugar-insuflaveis-leiria\/\",\"url\":\"https:\/\/www.insuflaveissigadanca.com\/wp2020\/contacto-alugar-insuflaveis-leiria\/\",\"name\":\"Contacto |\",\"isPartOf\":{\"@id\":\"https:\/\/www.insuflaveissigadanca.com\/wp2020\/#website\"},\"primaryImageOfPage\":{\"@id\":\"https:\/\/www.insuflaveissigadanca.com\/wp2020\/contacto-alugar-insuflaveis-leiria\/#primaryimage\"},\"image\":{\"@id\":\"https:\/\/www.insuflaveissigadanca.com\/wp2020\/contacto-alugar-insuflaveis-leiria\/#primaryimage\"},\"thumbnailUrl\":\"https:\/\/www.insuflaveissigadanca.com\/wp2020\/wp-content\/uploads\/2020\/11\/espresso.jpg\",\"datePublished\":\"2020-11-20T10:19:12+00:00\",\"dateModified\":\"2025-05-10T06:02:08+00:00\",\"description\":\"Aluguer de Insuflaveis Leiria; Aluguer de Insufl\u00e1veis para festas em Nazar\u00e9, Alcoba\u00e7a, Caldas da Rainha, \u00d3bidos, Leiria, Marinha Grande, Rio Maior, Mira de Aire, Bombarral, etc\",\"breadcrumb\":{\"@id\":\"https:\/\/www.insuflaveissigadanca.com\/wp2020\/contacto-alugar-insuflaveis-leiria\/#breadcrumb\"},\"inLanguage\":\"pt-PT\",\"potentialAction\":[{\"@type\":\"ReadAction\",\"target\":[\"https:\/\/www.insuflaveissigadanca.com\/wp2020\/contacto-alugar-insuflaveis-leiria\/\"]}]},{\"@type\":\"ImageObject\",\"inLanguage\":\"pt-PT\",\"@id\":\"https:\/\/www.insuflaveissigadanca.com\/wp2020\/contacto-alugar-insuflaveis-leiria\/#primaryimage\",\"url\":\"https:\/\/www.insuflaveissigadanca.com\/wp2020\/wp-content\/uploads\/2020\/11\/espresso.jpg\",\"contentUrl\":\"https:\/\/www.insuflaveissigadanca.com\/wp2020\/wp-content\/uploads\/2020\/11\/espresso.jpg\",\"width\":2000,\"height\":1200},{\"@type\":\"BreadcrumbList\",\"@id\":\"https:\/\/www.insuflaveissigadanca.com\/wp2020\/contacto-alugar-insuflaveis-leiria\/#breadcrumb\",\"itemListElement\":[{\"@type\":\"ListItem\",\"position\":1,\"name\":\"In\u00edcio\",\"item\":\"https:\/\/www.insuflaveissigadanca.com\/wp2020\/\"},{\"@type\":\"ListItem\",\"position\":2,\"name\":\"Contacto\"}]},{\"@type\":\"WebSite\",\"@id\":\"https:\/\/www.insuflaveissigadanca.com\/wp2020\/#website\",\"url\":\"https:\/\/www.insuflaveissigadanca.com\/wp2020\/\",\"name\":\"Insufl\u00e1veis Sigadan\u00e7a\",\"description\":\"H\u00e1 mais de 18 anos a animar a sua festa\",\"publisher\":{\"@id\":\"https:\/\/www.insuflaveissigadanca.com\/wp2020\/#organization\"},\"potentialAction\":[{\"@type\":\"SearchAction\",\"target\":{\"@type\":\"EntryPoint\",\"urlTemplate\":\"https:\/\/www.insuflaveissigadanca.com\/wp2020\/?s={search_term_string}\"},\"query-input\":{\"@type\":\"PropertyValueSpecification\",\"valueRequired\":true,\"valueName\":\"search_term_string\"}}],\"inLanguage\":\"pt-PT\"},{\"@type\":\"Organization\",\"@id\":\"https:\/\/www.insuflaveissigadanca.com\/wp2020\/#organization\",\"name\":\"Insufl\u00e1veis Sigadan\u00e7a\",\"url\":\"https:\/\/www.insuflaveissigadanca.com\/wp2020\/\",\"logo\":{\"@type\":\"ImageObject\",\"inLanguage\":\"pt-PT\",\"@id\":\"https:\/\/www.insuflaveissigadanca.com\/wp2020\/#\/schema\/logo\/image\/\",\"url\":\"https:\/\/www.insuflaveissigadanca.com\/wp2020\/wp-content\/uploads\/2020\/12\/2020.png\",\"contentUrl\":\"https:\/\/www.insuflaveissigadanca.com\/wp2020\/wp-content\/uploads\/2020\/12\/2020.png\",\"width\":473,\"height\":183,\"caption\":\"Insufl\u00e1veis Sigadan\u00e7a\"},\"image\":{\"@id\":\"https:\/\/www.insuflaveissigadanca.com\/wp2020\/#\/schema\/logo\/image\/\"}}]}<\/script>\n<!-- \/ Yoast SEO plugin. -->","yoast_head_json":{"title":"Contacto |","description":"Aluguer de Insuflaveis Leiria; Aluguer de Insufl\u00e1veis para festas em Nazar\u00e9, Alcoba\u00e7a, Caldas da Rainha, \u00d3bidos, Leiria, Marinha Grande, Rio Maior, Mira de Aire, Bombarral, etc","robots":{"index":"index","follow":"follow","max-snippet":"max-snippet:-1","max-image-preview":"max-image-preview:large","max-video-preview":"max-video-preview:-1"},"canonical":"https:\/\/www.insuflaveissigadanca.com\/wp2020\/contacto-alugar-insuflaveis-leiria\/","og_locale":"pt_PT","og_type":"article","og_title":"Contacto |","og_description":"Aluguer de Insuflaveis Leiria; Aluguer de Insufl\u00e1veis para festas em Nazar\u00e9, Alcoba\u00e7a, Caldas da Rainha, \u00d3bidos, Leiria, Marinha Grande, Rio Maior, Mira de Aire, Bombarral, etc","og_url":"https:\/\/www.insuflaveissigadanca.com\/wp2020\/contacto-alugar-insuflaveis-leiria\/","article_modified_time":"2025-05-10T06:02:08+00:00","og_image":[{"width":2000,"height":1200,"url":"https:\/\/www.insuflaveissigadanca.com\/wp2020\/wp-content\/uploads\/2020\/11\/espresso.jpg","type":"image\/jpeg"}],"twitter_card":"summary_large_image","twitter_misc":{"Tempo estimado de leitura":"2 minutos"},"schema":{"@context":"https:\/\/schema.org","@graph":[{"@type":"WebPage","@id":"https:\/\/www.insuflaveissigadanca.com\/wp2020\/contacto-alugar-insuflaveis-leiria\/","url":"https:\/\/www.insuflaveissigadanca.com\/wp2020\/contacto-alugar-insuflaveis-leiria\/","name":"Contacto |","isPartOf":{"@id":"https:\/\/www.insuflaveissigadanca.com\/wp2020\/#website"},"primaryImageOfPage":{"@id":"https:\/\/www.insuflaveissigadanca.com\/wp2020\/contacto-alugar-insuflaveis-leiria\/#primaryimage"},"image":{"@id":"https:\/\/www.insuflaveissigadanca.com\/wp2020\/contacto-alugar-insuflaveis-leiria\/#primaryimage"},"thumbnailUrl":"https:\/\/www.insuflaveissigadanca.com\/wp2020\/wp-content\/uploads\/2020\/11\/espresso.jpg","datePublished":"2020-11-20T10:19:12+00:00","dateModified":"2025-05-10T06:02:08+00:00","description":"Aluguer de Insuflaveis Leiria; Aluguer de Insufl\u00e1veis para festas em Nazar\u00e9, Alcoba\u00e7a, Caldas da Rainha, \u00d3bidos, Leiria, Marinha Grande, Rio Maior, Mira de Aire, Bombarral, etc","breadcrumb":{"@id":"https:\/\/www.insuflaveissigadanca.com\/wp2020\/contacto-alugar-insuflaveis-leiria\/#breadcrumb"},"inLanguage":"pt-PT","potentialAction":[{"@type":"ReadAction","target":["https:\/\/www.insuflaveissigadanca.com\/wp2020\/contacto-alugar-insuflaveis-leiria\/"]}]},{"@type":"ImageObject","inLanguage":"pt-PT","@id":"https:\/\/www.insuflaveissigadanca.com\/wp2020\/contacto-alugar-insuflaveis-leiria\/#primaryimage","url":"https:\/\/www.insuflaveissigadanca.com\/wp2020\/wp-content\/uploads\/2020\/11\/espresso.jpg","contentUrl":"https:\/\/www.insuflaveissigadanca.com\/wp2020\/wp-content\/uploads\/2020\/11\/espresso.jpg","width":2000,"height":1200},{"@type":"BreadcrumbList","@id":"https:\/\/www.insuflaveissigadanca.com\/wp2020\/contacto-alugar-insuflaveis-leiria\/#breadcrumb","itemListElement":[{"@type":"ListItem","position":1,"name":"In\u00edcio","item":"https:\/\/www.insuflaveissigadanca.com\/wp2020\/"},{"@type":"ListItem","position":2,"name":"Contacto"}]},{"@type":"WebSite","@id":"https:\/\/www.insuflaveissigadanca.com\/wp2020\/#website","url":"https:\/\/www.insuflaveissigadanca.com\/wp2020\/","name":"Insufl\u00e1veis Sigadan\u00e7a","description":"H\u00e1 mais de 18 anos a animar a sua festa","publisher":{"@id":"https:\/\/www.insuflaveissigadanca.com\/wp2020\/#organization"},"potentialAction":[{"@type":"SearchAction","target":{"@type":"EntryPoint","urlTemplate":"https:\/\/www.insuflaveissigadanca.com\/wp2020\/?s={search_term_string}"},"query-input":{"@type":"PropertyValueSpecification","valueRequired":true,"valueName":"search_term_string"}}],"inLanguage":"pt-PT"},{"@type":"Organization","@id":"https:\/\/www.insuflaveissigadanca.com\/wp2020\/#organization","name":"Insufl\u00e1veis Sigadan\u00e7a","url":"https:\/\/www.insuflaveissigadanca.com\/wp2020\/","logo":{"@type":"ImageObject","inLanguage":"pt-PT","@id":"https:\/\/www.insuflaveissigadanca.com\/wp2020\/#\/schema\/logo\/image\/","url":"https:\/\/www.insuflaveissigadanca.com\/wp2020\/wp-content\/uploads\/2020\/12\/2020.png","contentUrl":"https:\/\/www.insuflaveissigadanca.com\/wp2020\/wp-content\/uploads\/2020\/12\/2020.png","width":473,"height":183,"caption":"Insufl\u00e1veis Sigadan\u00e7a"},"image":{"@id":"https:\/\/www.insuflaveissigadanca.com\/wp2020\/#\/schema\/logo\/image\/"}}]}},"_links":{"self":[{"href":"https:\/\/www.insuflaveissigadanca.com\/wp2020\/wp-json\/wp\/v2\/pages\/28","targetHints":{"allow":["GET"]}}],"collection":[{"href":"https:\/\/www.insuflaveissigadanca.com\/wp2020\/wp-json\/wp\/v2\/pages"}],"about":[{"href":"https:\/\/www.insuflaveissigadanca.com\/wp2020\/wp-json\/wp\/v2\/types\/page"}],"author":[{"embeddable":true,"href":"https:\/\/www.insuflaveissigadanca.com\/wp2020\/wp-json\/wp\/v2\/users\/1"}],"replies":[{"embeddable":true,"href":"https:\/\/www.insuflaveissigadanca.com\/wp2020\/wp-json\/wp\/v2\/comments?post=28"}],"version-history":[{"count":15,"href":"https:\/\/www.insuflaveissigadanca.com\/wp2020\/wp-json\/wp\/v2\/pages\/28\/revisions"}],"predecessor-version":[{"id":690,"href":"https:\/\/www.insuflaveissigadanca.com\/wp2020\/wp-json\/wp\/v2\/pages\/28\/revisions\/690"}],"wp:featuredmedia":[{"embeddable":true,"href":"https:\/\/www.insuflaveissigadanca.com\/wp2020\/wp-json\/wp\/v2\/media\/23"}],"wp:attachment":[{"href":"https:\/\/www.insuflaveissigadanca.com\/wp2020\/wp-json\/wp\/v2\/media?parent=28"}],"curies":[{"name":"wp","href":"https:\/\/api.w.org\/{rel}","templated":true}]}}