{"id":27,"date":"2020-11-20T10:19:12","date_gmt":"2020-11-20T10:19:12","guid":{"rendered":"https:\/\/insuflaveissigadanca.com\/wp2020\/?page_id=27"},"modified":"2025-05-10T05:59:16","modified_gmt":"2025-05-10T05:59:16","slug":"sobre-nos-aluguerinsuflaveisleiria","status":"publish","type":"page","link":"https:\/\/www.insuflaveissigadanca.com\/wp2020\/sobre-nos-aluguerinsuflaveisleiria\/","title":{"rendered":"Sobre N\u00f3s"},"content":{"rendered":"\n<div class=\"wp-block-columns is-layout-flex wp-container-core-columns-is-layout-1 wp-block-columns-is-layout-flex\">\n<div class=\"wp-block-column is-layout-flow wp-block-column-is-layout-flow\"><div class=\"wp-block-image\">\n<figure class=\"alignright size-full is-resized\"><img loading=\"lazy\" decoding=\"async\" width=\"577\" height=\"433\" src=\"https:\/\/www.insuflaveissigadanca.com\/wp2020\/wp-content\/uploads\/2025\/04\/LegoEscorregaDuplo-1.png\" alt=\"\" class=\"wp-image-613\" style=\"width:240px;height:auto\" srcset=\"https:\/\/www.insuflaveissigadanca.com\/wp2020\/wp-content\/uploads\/2025\/04\/LegoEscorregaDuplo-1.png 577w, https:\/\/www.insuflaveissigadanca.com\/wp2020\/wp-content\/uploads\/2025\/04\/LegoEscorregaDuplo-1-300x225.png 300w\" sizes=\"auto, (max-width: 577px) 100vw, 577px\" \/><\/figure><\/div><\/div>\n\n\n\n<div class=\"wp-block-column is-layout-flow wp-block-column-is-layout-flow\">\n<figure class=\"wp-block-image size-full\"><img loading=\"lazy\" decoding=\"async\" width=\"614\" height=\"406\" src=\"https:\/\/www.insuflaveissigadanca.com\/wp2020\/wp-content\/uploads\/2025\/04\/Pack_Adrenalina.png\" alt=\"\" class=\"wp-image-614\" srcset=\"https:\/\/www.insuflaveissigadanca.com\/wp2020\/wp-content\/uploads\/2025\/04\/Pack_Adrenalina.png 614w, https:\/\/www.insuflaveissigadanca.com\/wp2020\/wp-content\/uploads\/2025\/04\/Pack_Adrenalina-300x198.png 300w\" sizes=\"auto, (max-width: 614px) 100vw, 614px\" \/><\/figure>\n<\/div>\n\n\n\n<div class=\"wp-block-column is-layout-flow wp-block-column-is-layout-flow\">\n<figure class=\"wp-block-image size-full\"><img loading=\"lazy\" decoding=\"async\" width=\"577\" height=\"433\" src=\"https:\/\/www.insuflaveissigadanca.com\/wp2020\/wp-content\/uploads\/2025\/04\/HomemAranha1.png\" alt=\"\" class=\"wp-image-616\" srcset=\"https:\/\/www.insuflaveissigadanca.com\/wp2020\/wp-content\/uploads\/2025\/04\/HomemAranha1.png 577w, https:\/\/www.insuflaveissigadanca.com\/wp2020\/wp-content\/uploads\/2025\/04\/HomemAranha1-300x225.png 300w\" sizes=\"auto, (max-width: 577px) 100vw, 577px\" \/><\/figure>\n<\/div>\n<\/div>\n\n\n\n<p><strong>Insufl\u00e1veis Sigadan\u00e7a<\/strong> desenvolve o seu trabalho nas \u00e1reas do entretenimento, lazer e eventos.<\/p>\n\n\n\n<p>Fazemos Aluguer de Insufl\u00e1veis, M\u00e1quina de Pipocas, Piscina de Bolas, Anima\u00e7\u00e3o com Pinturas Faciais e Modelagem de Bal\u00f5es e claro muita divers\u00e3o\u2026.<br><\/p>\n\n\n\n<p>Somos um Agente de Anima\u00e7\u00e3o Tur\u00edstica, registado no RNAAT com o n\u00famero 201\/2012 e temos como voca\u00e7\u00e3o prim\u00e1ria a presta\u00e7\u00e3o de servi\u00e7os de anima\u00e7\u00e3o e recrea\u00e7\u00e3o atrav\u00e9s do <strong><u>aluguer de Insufl\u00e1veis.<\/u><\/strong><\/p>\n\n\n\n<p>Para al\u00e9m da realiza\u00e7\u00e3o de festas de anivers\u00e1rios, casamentos, batizados, etc, temos uma \u00e1rea concessionada na praia da Nazar\u00e9, a qual j\u00e1 existe h\u00e1 mais de 20 anos, primeiramente dos tempos do <strong>Sr. Bryan<\/strong>, depois do <strong>Quim\u00e1nel<\/strong> e desde <strong>2006<\/strong> que foi o ano de transi\u00e7\u00e3o para o novo dono &#8211; Ricardo Soares ou simplesmente como \u00e9 conhecido na Nazar\u00e9, &#8211; <strong><u>Sigadan\u00e7a.<\/u><\/strong><\/p>\n\n\n\n<p>Atualmente a empresa \u00e9 de cariz familiar, sendo constitu\u00edda por 3 s\u00f3cios Ricardo Soares ( Sigadan\u00e7a), Julio Ricardo (J\u00falio dos Bon\u00e9s)&nbsp; e Ricardo Mendes (Veia).<\/p>\n\n\n\n<p>A empresa \u00e9 reconhecida pelos seus clientes por sua compet\u00eancia, flexibilidade, versatilidade assim como pelo seu comprometimento em cada servi\u00e7o e alegria contagiante.<\/p>\n\n\n\n<h4 class=\"wp-block-heading has-text-align-center\"><strong>MISS\u00c3O<\/strong><\/h4>\n\n\n\n<p>Realizar com excel\u00eancia a anima\u00e7\u00e3o de festas particulares, promovendo a\u00e7\u00f5es que contribuam para a alegria dos clientes e satisfa\u00e7am os desejos de todos os envolvidos.<\/p>\n\n\n\n<h4 class=\"wp-block-heading has-text-align-center\"><strong>VIS\u00c3O<\/strong><\/h4>\n\n\n\n<p>Ser a melhor e mais importante empresa de presta\u00e7\u00e3o de servi\u00e7os de anima\u00e7\u00e3o e recrea\u00e7\u00e3o, atrav\u00e9s do aluguer de Insufl\u00e1veis da Nazar\u00e9 e cimentar o posicionamento no distrito de Leiria.<\/p>\n\n\n\n<p>O <strong><mark style=\"background-color:rgba(0, 0, 0, 0)\" class=\"has-inline-color has-vivid-red-color\">Aluguer de Insufl\u00e1veis em Leiria <\/mark><\/strong>e arredores , inclui entrega, montagem e recolha em hor\u00e1rio a combinar.\u00a0O valor \u00e9 di\u00e1rio, independentemente do n\u00famero de horas de utiliza\u00e7\u00e3o. O valor n\u00e3o inclui monitor.<\/p>\n\n\n\n<p class=\"has-text-align-center\">\u2611\ufe0f <strong><mark style=\"background-color:rgba(0, 0, 0, 0)\" class=\"has-inline-color has-vivid-purple-color\">RESERVE J\u00c1 O SEU INSUFL\u00c1VEL E O NOSSO SERVI\u00c7O DE ANIMA\u00c7\u00c3O E TENHA O QUE PRETENDE<br>\u2026 Eventos Sociais\u2026Festas infantis\u2026\u2026Festas de Anivers\u00e1rio\u2026 Casamentos\u2026 Batizados..<\/mark><\/strong><\/p>\n\n\n<div class=\"wp-block-image\">\n<figure class=\"aligncenter size-full is-resized\"><a href=\"https:\/\/www.insuflaveissigadanca.com\/Condicoes_siga.pdf\"><img loading=\"lazy\" decoding=\"async\" width=\"800\" height=\"143\" src=\"https:\/\/www.insuflaveissigadanca.com\/wp2020\/wp-content\/uploads\/2025\/04\/DOWNLOADcATALOGO-1.gif\" alt=\"\" class=\"wp-image-654\" style=\"width:425px;height:auto\"\/><\/a><\/figure><\/div>\n\n\n<h2 class=\"wp-block-heading has-text-align-center\"><a href=\"https:\/\/wa.me\/+351962579689\">ALUGUE AGORA!<\/a><\/h2>\n\n\n<div class=\"wp-block-image is-resized is-style-rounded\">\n<figure class=\"aligncenter size-full\"><a href=\"http:\/\/www.insuflaveissigadanca.com\/Condicoes_siga.pdf\"><img loading=\"lazy\" decoding=\"async\" width=\"577\" height=\"433\" src=\"https:\/\/www.insuflaveissigadanca.com\/wp2020\/wp-content\/uploads\/2025\/04\/SMILEY3-2.png\" alt=\"\" class=\"wp-image-580\" style=\"aspect-ratio:1.7777777777777777;width:235px;height:auto\" srcset=\"https:\/\/www.insuflaveissigadanca.com\/wp2020\/wp-content\/uploads\/2025\/04\/SMILEY3-2.png 577w, https:\/\/www.insuflaveissigadanca.com\/wp2020\/wp-content\/uploads\/2025\/04\/SMILEY3-2-300x225.png 300w\" sizes=\"auto, (max-width: 577px) 100vw, 577px\" \/><\/a><\/figure><\/div>\n\n<div class=\"wp-block-image\">\n<figure class=\"aligncenter size-full is-resized\"><a href=\"https:\/\/wa.me\/+351962579689\"><img loading=\"lazy\" decoding=\"async\" width=\"474\" height=\"474\" src=\"https:\/\/www.insuflaveissigadanca.com\/wp2020\/wp-content\/uploads\/2023\/11\/OIP-1.jpeg\" alt=\"\" class=\"wp-image-399\" style=\"aspect-ratio:1;width:92px;height:auto\" srcset=\"https:\/\/www.insuflaveissigadanca.com\/wp2020\/wp-content\/uploads\/2023\/11\/OIP-1.jpeg 474w, https:\/\/www.insuflaveissigadanca.com\/wp2020\/wp-content\/uploads\/2023\/11\/OIP-1-300x300.jpeg 300w, https:\/\/www.insuflaveissigadanca.com\/wp2020\/wp-content\/uploads\/2023\/11\/OIP-1-150x150.jpeg 150w\" sizes=\"auto, (max-width: 474px) 100vw, 474px\" \/><\/a><\/figure><\/div> ","protected":false},"excerpt":{"rendered":"<p>Insufl\u00e1veis Sigadan\u00e7a desenvolve o seu trabalho nas \u00e1reas do entretenimento, lazer e eventos. Fazemos Aluguer de Insufl\u00e1veis, M\u00e1quina de Pipocas, Piscina de Bolas, Anima\u00e7\u00e3o com Pinturas Faciais e Modelagem de Bal\u00f5es e claro muita divers\u00e3o\u2026. Somos um Agente de Anima\u00e7\u00e3o Tur\u00edstica, registado no RNAAT com o n\u00famero 201\/2012 e temos como voca\u00e7\u00e3o prim\u00e1ria a presta\u00e7\u00e3o [&hellip;]<\/p>\n","protected":false},"author":1,"featured_media":0,"parent":0,"menu_order":0,"comment_status":"closed","ping_status":"closed","template":"","meta":{"footnotes":""},"class_list":["post-27","page","type-page","status-publish","hentry"],"yoast_head":"<!-- This site is optimized with the Yoast SEO plugin v24.5 - https:\/\/yoast.com\/wordpress\/plugins\/seo\/ -->\n<title>Sobre N\u00f3s |<\/title>\n<meta name=\"description\" content=\"Aluguer de Insufl\u00e1veis, M\u00e1quina de Pipocas\ud83c\udf7f, Anima\u00e7\u00e3o com Pinturas Faciais no Distrito de Leiria\" \/>\n<meta name=\"robots\" content=\"index, follow, max-snippet:-1, max-image-preview:large, max-video-preview:-1\" \/>\n<link rel=\"canonical\" href=\"https:\/\/www.insuflaveissigadanca.com\/wp2020\/sobre-nos-aluguerinsuflaveisleiria\/\" \/>\n<meta property=\"og:locale\" content=\"pt_PT\" \/>\n<meta property=\"og:type\" content=\"article\" \/>\n<meta property=\"og:title\" content=\"Sobre N\u00f3s |\" \/>\n<meta property=\"og:description\" content=\"Aluguer de Insufl\u00e1veis, M\u00e1quina de Pipocas\ud83c\udf7f, Anima\u00e7\u00e3o com Pinturas Faciais no Distrito de Leiria\" \/>\n<meta property=\"og:url\" content=\"https:\/\/www.insuflaveissigadanca.com\/wp2020\/sobre-nos-aluguerinsuflaveisleiria\/\" \/>\n<meta property=\"article:modified_time\" content=\"2025-05-10T05:59:16+00:00\" \/>\n<meta property=\"og:image\" content=\"https:\/\/www.insuflaveissigadanca.com\/wp2020\/wp-content\/uploads\/2025\/04\/LegoEscorregaDuplo-1.png\" \/>\n\t<meta property=\"og:image:width\" content=\"577\" \/>\n\t<meta property=\"og:image:height\" content=\"433\" \/>\n\t<meta property=\"og:image:type\" content=\"image\/png\" \/>\n<meta name=\"twitter:card\" content=\"summary_large_image\" \/>\n<meta name=\"twitter:label1\" content=\"Tempo estimado de leitura\" \/>\n\t<meta name=\"twitter:data1\" content=\"3 minutos\" \/>\n<script type=\"application\/ld+json\" class=\"yoast-schema-graph\">{\"@context\":\"https:\/\/schema.org\",\"@graph\":[{\"@type\":\"WebPage\",\"@id\":\"https:\/\/www.insuflaveissigadanca.com\/wp2020\/sobre-nos-aluguerinsuflaveisleiria\/\",\"url\":\"https:\/\/www.insuflaveissigadanca.com\/wp2020\/sobre-nos-aluguerinsuflaveisleiria\/\",\"name\":\"Sobre N\u00f3s |\",\"isPartOf\":{\"@id\":\"https:\/\/www.insuflaveissigadanca.com\/wp2020\/#website\"},\"primaryImageOfPage\":{\"@id\":\"https:\/\/www.insuflaveissigadanca.com\/wp2020\/sobre-nos-aluguerinsuflaveisleiria\/#primaryimage\"},\"image\":{\"@id\":\"https:\/\/www.insuflaveissigadanca.com\/wp2020\/sobre-nos-aluguerinsuflaveisleiria\/#primaryimage\"},\"thumbnailUrl\":\"https:\/\/www.insuflaveissigadanca.com\/wp2020\/wp-content\/uploads\/2025\/04\/LegoEscorregaDuplo-1.png\",\"datePublished\":\"2020-11-20T10:19:12+00:00\",\"dateModified\":\"2025-05-10T05:59:16+00:00\",\"description\":\"Aluguer de Insufl\u00e1veis, M\u00e1quina de Pipocas\ud83c\udf7f, Anima\u00e7\u00e3o com Pinturas Faciais no Distrito de Leiria\",\"breadcrumb\":{\"@id\":\"https:\/\/www.insuflaveissigadanca.com\/wp2020\/sobre-nos-aluguerinsuflaveisleiria\/#breadcrumb\"},\"inLanguage\":\"pt-PT\",\"potentialAction\":[{\"@type\":\"ReadAction\",\"target\":[\"https:\/\/www.insuflaveissigadanca.com\/wp2020\/sobre-nos-aluguerinsuflaveisleiria\/\"]}]},{\"@type\":\"ImageObject\",\"inLanguage\":\"pt-PT\",\"@id\":\"https:\/\/www.insuflaveissigadanca.com\/wp2020\/sobre-nos-aluguerinsuflaveisleiria\/#primaryimage\",\"url\":\"https:\/\/www.insuflaveissigadanca.com\/wp2020\/wp-content\/uploads\/2025\/04\/LegoEscorregaDuplo-1.png\",\"contentUrl\":\"https:\/\/www.insuflaveissigadanca.com\/wp2020\/wp-content\/uploads\/2025\/04\/LegoEscorregaDuplo-1.png\",\"width\":577,\"height\":433},{\"@type\":\"BreadcrumbList\",\"@id\":\"https:\/\/www.insuflaveissigadanca.com\/wp2020\/sobre-nos-aluguerinsuflaveisleiria\/#breadcrumb\",\"itemListElement\":[{\"@type\":\"ListItem\",\"position\":1,\"name\":\"In\u00edcio\",\"item\":\"https:\/\/www.insuflaveissigadanca.com\/wp2020\/\"},{\"@type\":\"ListItem\",\"position\":2,\"name\":\"Sobre N\u00f3s\"}]},{\"@type\":\"WebSite\",\"@id\":\"https:\/\/www.insuflaveissigadanca.com\/wp2020\/#website\",\"url\":\"https:\/\/www.insuflaveissigadanca.com\/wp2020\/\",\"name\":\"Insufl\u00e1veis Sigadan\u00e7a\",\"description\":\"H\u00e1 mais de 18 anos a animar a sua festa\",\"publisher\":{\"@id\":\"https:\/\/www.insuflaveissigadanca.com\/wp2020\/#organization\"},\"potentialAction\":[{\"@type\":\"SearchAction\",\"target\":{\"@type\":\"EntryPoint\",\"urlTemplate\":\"https:\/\/www.insuflaveissigadanca.com\/wp2020\/?s={search_term_string}\"},\"query-input\":{\"@type\":\"PropertyValueSpecification\",\"valueRequired\":true,\"valueName\":\"search_term_string\"}}],\"inLanguage\":\"pt-PT\"},{\"@type\":\"Organization\",\"@id\":\"https:\/\/www.insuflaveissigadanca.com\/wp2020\/#organization\",\"name\":\"Insufl\u00e1veis Sigadan\u00e7a\",\"url\":\"https:\/\/www.insuflaveissigadanca.com\/wp2020\/\",\"logo\":{\"@type\":\"ImageObject\",\"inLanguage\":\"pt-PT\",\"@id\":\"https:\/\/www.insuflaveissigadanca.com\/wp2020\/#\/schema\/logo\/image\/\",\"url\":\"https:\/\/www.insuflaveissigadanca.com\/wp2020\/wp-content\/uploads\/2020\/12\/2020.png\",\"contentUrl\":\"https:\/\/www.insuflaveissigadanca.com\/wp2020\/wp-content\/uploads\/2020\/12\/2020.png\",\"width\":473,\"height\":183,\"caption\":\"Insufl\u00e1veis Sigadan\u00e7a\"},\"image\":{\"@id\":\"https:\/\/www.insuflaveissigadanca.com\/wp2020\/#\/schema\/logo\/image\/\"}}]}<\/script>\n<!-- \/ Yoast SEO plugin. -->","yoast_head_json":{"title":"Sobre N\u00f3s |","description":"Aluguer de Insufl\u00e1veis, M\u00e1quina de Pipocas\ud83c\udf7f, Anima\u00e7\u00e3o com Pinturas Faciais no Distrito de Leiria","robots":{"index":"index","follow":"follow","max-snippet":"max-snippet:-1","max-image-preview":"max-image-preview:large","max-video-preview":"max-video-preview:-1"},"canonical":"https:\/\/www.insuflaveissigadanca.com\/wp2020\/sobre-nos-aluguerinsuflaveisleiria\/","og_locale":"pt_PT","og_type":"article","og_title":"Sobre N\u00f3s |","og_description":"Aluguer de Insufl\u00e1veis, M\u00e1quina de Pipocas\ud83c\udf7f, Anima\u00e7\u00e3o com Pinturas Faciais no Distrito de Leiria","og_url":"https:\/\/www.insuflaveissigadanca.com\/wp2020\/sobre-nos-aluguerinsuflaveisleiria\/","article_modified_time":"2025-05-10T05:59:16+00:00","og_image":[{"width":577,"height":433,"url":"https:\/\/www.insuflaveissigadanca.com\/wp2020\/wp-content\/uploads\/2025\/04\/LegoEscorregaDuplo-1.png","type":"image\/png"}],"twitter_card":"summary_large_image","twitter_misc":{"Tempo estimado de leitura":"3 minutos"},"schema":{"@context":"https:\/\/schema.org","@graph":[{"@type":"WebPage","@id":"https:\/\/www.insuflaveissigadanca.com\/wp2020\/sobre-nos-aluguerinsuflaveisleiria\/","url":"https:\/\/www.insuflaveissigadanca.com\/wp2020\/sobre-nos-aluguerinsuflaveisleiria\/","name":"Sobre N\u00f3s |","isPartOf":{"@id":"https:\/\/www.insuflaveissigadanca.com\/wp2020\/#website"},"primaryImageOfPage":{"@id":"https:\/\/www.insuflaveissigadanca.com\/wp2020\/sobre-nos-aluguerinsuflaveisleiria\/#primaryimage"},"image":{"@id":"https:\/\/www.insuflaveissigadanca.com\/wp2020\/sobre-nos-aluguerinsuflaveisleiria\/#primaryimage"},"thumbnailUrl":"https:\/\/www.insuflaveissigadanca.com\/wp2020\/wp-content\/uploads\/2025\/04\/LegoEscorregaDuplo-1.png","datePublished":"2020-11-20T10:19:12+00:00","dateModified":"2025-05-10T05:59:16+00:00","description":"Aluguer de Insufl\u00e1veis, M\u00e1quina de Pipocas\ud83c\udf7f, Anima\u00e7\u00e3o com Pinturas Faciais no Distrito de Leiria","breadcrumb":{"@id":"https:\/\/www.insuflaveissigadanca.com\/wp2020\/sobre-nos-aluguerinsuflaveisleiria\/#breadcrumb"},"inLanguage":"pt-PT","potentialAction":[{"@type":"ReadAction","target":["https:\/\/www.insuflaveissigadanca.com\/wp2020\/sobre-nos-aluguerinsuflaveisleiria\/"]}]},{"@type":"ImageObject","inLanguage":"pt-PT","@id":"https:\/\/www.insuflaveissigadanca.com\/wp2020\/sobre-nos-aluguerinsuflaveisleiria\/#primaryimage","url":"https:\/\/www.insuflaveissigadanca.com\/wp2020\/wp-content\/uploads\/2025\/04\/LegoEscorregaDuplo-1.png","contentUrl":"https:\/\/www.insuflaveissigadanca.com\/wp2020\/wp-content\/uploads\/2025\/04\/LegoEscorregaDuplo-1.png","width":577,"height":433},{"@type":"BreadcrumbList","@id":"https:\/\/www.insuflaveissigadanca.com\/wp2020\/sobre-nos-aluguerinsuflaveisleiria\/#breadcrumb","itemListElement":[{"@type":"ListItem","position":1,"name":"In\u00edcio","item":"https:\/\/www.insuflaveissigadanca.com\/wp2020\/"},{"@type":"ListItem","position":2,"name":"Sobre N\u00f3s"}]},{"@type":"WebSite","@id":"https:\/\/www.insuflaveissigadanca.com\/wp2020\/#website","url":"https:\/\/www.insuflaveissigadanca.com\/wp2020\/","name":"Insufl\u00e1veis Sigadan\u00e7a","description":"H\u00e1 mais de 18 anos a animar a sua festa","publisher":{"@id":"https:\/\/www.insuflaveissigadanca.com\/wp2020\/#organization"},"potentialAction":[{"@type":"SearchAction","target":{"@type":"EntryPoint","urlTemplate":"https:\/\/www.insuflaveissigadanca.com\/wp2020\/?s={search_term_string}"},"query-input":{"@type":"PropertyValueSpecification","valueRequired":true,"valueName":"search_term_string"}}],"inLanguage":"pt-PT"},{"@type":"Organization","@id":"https:\/\/www.insuflaveissigadanca.com\/wp2020\/#organization","name":"Insufl\u00e1veis Sigadan\u00e7a","url":"https:\/\/www.insuflaveissigadanca.com\/wp2020\/","logo":{"@type":"ImageObject","inLanguage":"pt-PT","@id":"https:\/\/www.insuflaveissigadanca.com\/wp2020\/#\/schema\/logo\/image\/","url":"https:\/\/www.insuflaveissigadanca.com\/wp2020\/wp-content\/uploads\/2020\/12\/2020.png","contentUrl":"https:\/\/www.insuflaveissigadanca.com\/wp2020\/wp-content\/uploads\/2020\/12\/2020.png","width":473,"height":183,"caption":"Insufl\u00e1veis Sigadan\u00e7a"},"image":{"@id":"https:\/\/www.insuflaveissigadanca.com\/wp2020\/#\/schema\/logo\/image\/"}}]}},"_links":{"self":[{"href":"https:\/\/www.insuflaveissigadanca.com\/wp2020\/wp-json\/wp\/v2\/pages\/27","targetHints":{"allow":["GET"]}}],"collection":[{"href":"https:\/\/www.insuflaveissigadanca.com\/wp2020\/wp-json\/wp\/v2\/pages"}],"about":[{"href":"https:\/\/www.insuflaveissigadanca.com\/wp2020\/wp-json\/wp\/v2\/types\/page"}],"author":[{"embeddable":true,"href":"https:\/\/www.insuflaveissigadanca.com\/wp2020\/wp-json\/wp\/v2\/users\/1"}],"replies":[{"embeddable":true,"href":"https:\/\/www.insuflaveissigadanca.com\/wp2020\/wp-json\/wp\/v2\/comments?post=27"}],"version-history":[{"count":31,"href":"https:\/\/www.insuflaveissigadanca.com\/wp2020\/wp-json\/wp\/v2\/pages\/27\/revisions"}],"predecessor-version":[{"id":689,"href":"https:\/\/www.insuflaveissigadanca.com\/wp2020\/wp-json\/wp\/v2\/pages\/27\/revisions\/689"}],"wp:attachment":[{"href":"https:\/\/www.insuflaveissigadanca.com\/wp2020\/wp-json\/wp\/v2\/media?parent=27"}],"curies":[{"name":"wp","href":"https:\/\/api.w.org\/{rel}","templated":true}]}}