{"id":26,"date":"2020-11-20T10:19:12","date_gmt":"2020-11-20T10:19:12","guid":{"rendered":"https:\/\/insuflaveissigadanca.com\/wp2020\/?page_id=26"},"modified":"2025-05-10T05:53:36","modified_gmt":"2025-05-10T05:53:36","slug":"inicio-aluguer-de-insuflaveis-leiria","status":"publish","type":"page","link":"https:\/\/www.insuflaveissigadanca.com\/wp2020\/","title":{"rendered":"In\u00edcio"},"content":{"rendered":"\n<div class=\"wp-block-columns is-layout-flex wp-container-core-columns-is-layout-1 wp-block-columns-is-layout-flex\">\n<div class=\"wp-block-column is-layout-flow wp-block-column-is-layout-flow\"><div class=\"wp-block-image\">\n<figure class=\"alignright size-full is-resized\"><img loading=\"lazy\" decoding=\"async\" width=\"577\" height=\"433\" src=\"https:\/\/www.insuflaveissigadanca.com\/wp2020\/wp-content\/uploads\/2025\/04\/Mickey1-1.png\" alt=\"\" class=\"wp-image-606\" style=\"width:243px;height:auto\" srcset=\"https:\/\/www.insuflaveissigadanca.com\/wp2020\/wp-content\/uploads\/2025\/04\/Mickey1-1.png 577w, https:\/\/www.insuflaveissigadanca.com\/wp2020\/wp-content\/uploads\/2025\/04\/Mickey1-1-300x225.png 300w\" sizes=\"auto, (max-width: 577px) 100vw, 577px\" \/><\/figure><\/div><\/div>\n\n\n\n<div class=\"wp-block-column is-layout-flow wp-block-column-is-layout-flow\"><div class=\"wp-block-image\">\n<figure class=\"aligncenter size-full\"><img loading=\"lazy\" decoding=\"async\" width=\"744\" height=\"335\" src=\"https:\/\/www.insuflaveissigadanca.com\/wp2020\/wp-content\/uploads\/2025\/04\/22-2.png\" alt=\"\" class=\"wp-image-610\" srcset=\"https:\/\/www.insuflaveissigadanca.com\/wp2020\/wp-content\/uploads\/2025\/04\/22-2.png 744w, https:\/\/www.insuflaveissigadanca.com\/wp2020\/wp-content\/uploads\/2025\/04\/22-2-300x135.png 300w\" sizes=\"auto, (max-width: 744px) 100vw, 744px\" \/><\/figure><\/div><\/div>\n\n\n\n<div class=\"wp-block-column is-layout-flow wp-block-column-is-layout-flow\"><div class=\"wp-block-image\">\n<figure class=\"alignleft size-full is-resized\"><img loading=\"lazy\" decoding=\"async\" width=\"577\" height=\"433\" src=\"https:\/\/www.insuflaveissigadanca.com\/wp2020\/wp-content\/uploads\/2025\/04\/Banners_Stitch-1.png\" alt=\"\" class=\"wp-image-608\" style=\"width:217px;height:auto\" srcset=\"https:\/\/www.insuflaveissigadanca.com\/wp2020\/wp-content\/uploads\/2025\/04\/Banners_Stitch-1.png 577w, https:\/\/www.insuflaveissigadanca.com\/wp2020\/wp-content\/uploads\/2025\/04\/Banners_Stitch-1-300x225.png 300w\" sizes=\"auto, (max-width: 577px) 100vw, 577px\" \/><\/figure><\/div><\/div>\n<\/div>\n\n\n\n<h3 class=\"wp-block-heading has-text-align-center has-vivid-red-color has-text-color\">Bem vindos aos Insufl\u00e1veis SIGADAN\u00c7A<\/h3>\n\n\n\n<h2 class=\"wp-block-heading has-text-align-center\"><a href=\"https:\/\/wa.me\/+351962579689\">ALUGUE AGORA!<\/a><\/h2>\n\n\n<div class=\"wp-block-image\">\n<figure class=\"aligncenter size-full is-resized\"><a href=\"https:\/\/wa.me\/+351962681694\"><img loading=\"lazy\" decoding=\"async\" width=\"474\" height=\"474\" src=\"https:\/\/www.insuflaveissigadanca.com\/wp2020\/wp-content\/uploads\/2023\/11\/OIP-2.jpeg\" alt=\"\" class=\"wp-image-436\" style=\"aspect-ratio:1;width:88px;height:auto\" srcset=\"https:\/\/www.insuflaveissigadanca.com\/wp2020\/wp-content\/uploads\/2023\/11\/OIP-2.jpeg 474w, https:\/\/www.insuflaveissigadanca.com\/wp2020\/wp-content\/uploads\/2023\/11\/OIP-2-300x300.jpeg 300w, https:\/\/www.insuflaveissigadanca.com\/wp2020\/wp-content\/uploads\/2023\/11\/OIP-2-150x150.jpeg 150w\" sizes=\"auto, (max-width: 474px) 100vw, 474px\" \/><\/a><\/figure><\/div>\n\n\n<p>Somos uma empresa de cariz familiar, cujo principal objetivo \u00e9 a presta\u00e7\u00e3o de servi\u00e7os de anima\u00e7\u00e3o atrav\u00e9s do Aluguer de insufl\u00e1veis, M\u00e1quina de Pipocas\ud83c\udf7f\ud83c\udf7f, Piscina de Bolas, Anima\u00e7\u00e3o com Pinturas Faciais e Modelagem de Bal\u00f5es\ud83c\udf88\ud83c\udf88, Varredora Mec\u00e2nica, Magia e claro muita divers\u00e3o\u2026.\ud83c\udfb5<\/p>\n\n\n\n<p><br>\ud83d\udca5Registado no RNAAT sob o n\u00famero 201\/2012, nos \u00faltimos anos, temos vindo a focalizar-nos no aluguer de insufl\u00e1veis, atualmente dispondo de mais de 45 modelos diferentes de insufl\u00e1veis, para aluguer, garantindo assim, uma festa inesquec\u00edvel para os nossos clientes.<\/p>\n\n\n\n<p>O Aluguer de Insufl\u00e1veis em Leiria e arredores , inclui entrega, montagem e recolha em hor\u00e1rio a combinar.\u00a0O valor \u00e9 di\u00e1rio, independentemente do n\u00famero de horas de utiliza\u00e7\u00e3o. O valor n\u00e3o inclui monitor.<br><\/p>\n\n\n\n<p>\ud83d\udca5Insufl\u00e1veis de <strong>USO PROFISSINAL<\/strong> com todos os <strong>Seguros Obrigat\u00f3rios de Ac. Pessoais e Resp. Civil.\u2611\ufe0f <\/strong><\/p>\n\n\n\n<p>Alugamos os nossos Equipamentos no Distrito de Leiria maioritariamente, no entanto, vamos onde nos necessite e queira para <strong><mark style=\"background-color:rgba(0, 0, 0, 0)\" class=\"has-inline-color has-luminous-vivid-orange-color\">ANIMAR o seu EVENTO.<\/mark><\/strong><\/p>\n\n\n\n<p class=\"has-text-align-center\"><strong><mark style=\"background-color:rgba(0, 0, 0, 0)\" class=\"has-inline-color has-vivid-purple-color\">\u2611\ufe0f <strong><mark style=\"background-color:rgba(0, 0, 0, 0)\" class=\"has-inline-color has-vivid-purple-color\">RESERVE J\u00c1 O SEU INSUFL\u00c1VEL E O NOSSO SERVI\u00c7O DE ANIMA\u00c7\u00c3O E TENHA O QUE PRETENDE<br>\u2026 Eventos Sociais\u2026Festas infantis\u2026\u2026Festas de Anivers\u00e1rio\u2026 Casamentos\u2026 Batizados..<\/mark><\/strong><\/mark><\/strong><\/p>\n\n\n<div class=\"wp-block-image\">\n<figure class=\"aligncenter size-full is-resized\"><a href=\"https:\/\/www.insuflaveissigadanca.com\/Condicoes_siga.pdf\"><img loading=\"lazy\" decoding=\"async\" width=\"800\" height=\"143\" src=\"https:\/\/www.insuflaveissigadanca.com\/wp2020\/wp-content\/uploads\/2025\/04\/DOWNLOADcATALOGO-1.gif\" alt=\"\" class=\"wp-image-654\" style=\"width:425px;height:auto\"\/><\/a><\/figure><\/div>\n\n\n<p class=\"has-text-align-center\"><\/p>\n\n\n\n<h2 class=\"wp-block-heading has-text-align-center has-vivid-green-cyan-color has-text-color\"><a href=\"https:\/\/wa.me\/+351962681694\">ALUGUE AGORA!<\/a><\/h2>\n\n\n<div class=\"wp-block-image\">\n<figure class=\"aligncenter size-full is-resized\"><a href=\"http:\/\/www.insuflaveissigadanca.com\/Condicoes_siga.pdf\"><img loading=\"lazy\" decoding=\"async\" width=\"577\" height=\"433\" src=\"https:\/\/www.insuflaveissigadanca.com\/wp2020\/wp-content\/uploads\/2025\/04\/Sereia.png\" alt=\"\" class=\"wp-image-583\" style=\"width:214px;height:auto\" srcset=\"https:\/\/www.insuflaveissigadanca.com\/wp2020\/wp-content\/uploads\/2025\/04\/Sereia.png 577w, https:\/\/www.insuflaveissigadanca.com\/wp2020\/wp-content\/uploads\/2025\/04\/Sereia-300x225.png 300w\" sizes=\"auto, (max-width: 577px) 100vw, 577px\" \/><\/a><\/figure><\/div>\n\n<div class=\"wp-block-image\">\n<figure class=\"aligncenter size-full is-resized\"><a href=\"https:\/\/wa.me\/+351962579689\"><img loading=\"lazy\" decoding=\"async\" width=\"474\" height=\"474\" src=\"https:\/\/www.insuflaveissigadanca.com\/wp2020\/wp-content\/uploads\/2023\/11\/OIP-3.jpeg\" alt=\"\" class=\"wp-image-438\" style=\"aspect-ratio:1;width:60px;height:auto\" srcset=\"https:\/\/www.insuflaveissigadanca.com\/wp2020\/wp-content\/uploads\/2023\/11\/OIP-3.jpeg 474w, https:\/\/www.insuflaveissigadanca.com\/wp2020\/wp-content\/uploads\/2023\/11\/OIP-3-300x300.jpeg 300w, https:\/\/www.insuflaveissigadanca.com\/wp2020\/wp-content\/uploads\/2023\/11\/OIP-3-150x150.jpeg 150w\" sizes=\"auto, (max-width: 474px) 100vw, 474px\" \/><\/a><\/figure><\/div> ","protected":false},"excerpt":{"rendered":"<p>Bem vindos aos Insufl\u00e1veis SIGADAN\u00c7A ALUGUE AGORA! Somos uma empresa de cariz familiar, cujo principal objetivo \u00e9 a presta\u00e7\u00e3o de servi\u00e7os de anima\u00e7\u00e3o atrav\u00e9s do Aluguer de insufl\u00e1veis, M\u00e1quina de Pipocas\ud83c\udf7f\ud83c\udf7f, Piscina de Bolas, Anima\u00e7\u00e3o com Pinturas Faciais e Modelagem de Bal\u00f5es\ud83c\udf88\ud83c\udf88, Varredora Mec\u00e2nica, Magia e claro muita divers\u00e3o\u2026.\ud83c\udfb5 \ud83d\udca5Registado no RNAAT sob o n\u00famero [&hellip;]<\/p>\n","protected":false},"author":1,"featured_media":0,"parent":0,"menu_order":0,"comment_status":"closed","ping_status":"closed","template":"","meta":{"footnotes":""},"class_list":["post-26","page","type-page","status-publish","hentry"],"yoast_head":"<!-- This site is optimized with the Yoast SEO plugin v24.5 - https:\/\/yoast.com\/wordpress\/plugins\/seo\/ -->\n<title>In\u00edcio |<\/title>\n<meta name=\"description\" content=\"\ud83c\udff0Aluguer de insufl\u00e1veis, M\u00e1quina de Pipocas\ud83c\udf7f\ud83c\udf7f, Piscina de Bolinhas, Anima\u00e7\u00e3o com Pinturas Faciais e Modelagem de Bal\u00f5es\ud83c\udf88\ud83c\udf88 e claro muita divers\u00e3o....\ud83c\udfb5\" \/>\n<meta name=\"robots\" content=\"index, follow, max-snippet:-1, max-image-preview:large, max-video-preview:-1\" \/>\n<link rel=\"canonical\" href=\"https:\/\/www.insuflaveissigadanca.com\/wp2020\/\" \/>\n<meta property=\"og:locale\" content=\"pt_PT\" \/>\n<meta property=\"og:type\" content=\"article\" \/>\n<meta property=\"og:title\" content=\"In\u00edcio |\" \/>\n<meta property=\"og:description\" content=\"\ud83c\udff0Aluguer de insufl\u00e1veis, M\u00e1quina de Pipocas\ud83c\udf7f\ud83c\udf7f, Piscina de Bolinhas, Anima\u00e7\u00e3o com Pinturas Faciais e Modelagem de Bal\u00f5es\ud83c\udf88\ud83c\udf88 e claro muita divers\u00e3o....\ud83c\udfb5\" \/>\n<meta property=\"og:url\" content=\"https:\/\/www.insuflaveissigadanca.com\/wp2020\/\" \/>\n<meta property=\"article:modified_time\" content=\"2025-05-10T05:53:36+00:00\" \/>\n<meta property=\"og:image\" content=\"https:\/\/www.insuflaveissigadanca.com\/wp2020\/wp-content\/uploads\/2025\/04\/Mickey1-1.png\" \/>\n\t<meta property=\"og:image:width\" content=\"577\" \/>\n\t<meta property=\"og:image:height\" content=\"433\" \/>\n\t<meta property=\"og:image:type\" content=\"image\/png\" \/>\n<meta name=\"twitter:card\" content=\"summary_large_image\" \/>\n<meta name=\"twitter:label1\" content=\"Tempo estimado de leitura\" \/>\n\t<meta name=\"twitter:data1\" content=\"3 minutos\" \/>\n<script type=\"application\/ld+json\" class=\"yoast-schema-graph\">{\"@context\":\"https:\/\/schema.org\",\"@graph\":[{\"@type\":\"WebPage\",\"@id\":\"https:\/\/www.insuflaveissigadanca.com\/wp2020\/\",\"url\":\"https:\/\/www.insuflaveissigadanca.com\/wp2020\/\",\"name\":\"In\u00edcio |\",\"isPartOf\":{\"@id\":\"https:\/\/www.insuflaveissigadanca.com\/wp2020\/#website\"},\"primaryImageOfPage\":{\"@id\":\"https:\/\/www.insuflaveissigadanca.com\/wp2020\/#primaryimage\"},\"image\":{\"@id\":\"https:\/\/www.insuflaveissigadanca.com\/wp2020\/#primaryimage\"},\"thumbnailUrl\":\"https:\/\/www.insuflaveissigadanca.com\/wp2020\/wp-content\/uploads\/2025\/04\/Mickey1-1.png\",\"datePublished\":\"2020-11-20T10:19:12+00:00\",\"dateModified\":\"2025-05-10T05:53:36+00:00\",\"description\":\"\ud83c\udff0Aluguer de insufl\u00e1veis, M\u00e1quina de Pipocas\ud83c\udf7f\ud83c\udf7f, Piscina de Bolinhas, Anima\u00e7\u00e3o com Pinturas Faciais e Modelagem de Bal\u00f5es\ud83c\udf88\ud83c\udf88 e claro muita divers\u00e3o....\ud83c\udfb5\",\"breadcrumb\":{\"@id\":\"https:\/\/www.insuflaveissigadanca.com\/wp2020\/#breadcrumb\"},\"inLanguage\":\"pt-PT\",\"potentialAction\":[{\"@type\":\"ReadAction\",\"target\":[\"https:\/\/www.insuflaveissigadanca.com\/wp2020\/\"]}]},{\"@type\":\"ImageObject\",\"inLanguage\":\"pt-PT\",\"@id\":\"https:\/\/www.insuflaveissigadanca.com\/wp2020\/#primaryimage\",\"url\":\"https:\/\/www.insuflaveissigadanca.com\/wp2020\/wp-content\/uploads\/2025\/04\/Mickey1-1.png\",\"contentUrl\":\"https:\/\/www.insuflaveissigadanca.com\/wp2020\/wp-content\/uploads\/2025\/04\/Mickey1-1.png\",\"width\":577,\"height\":433},{\"@type\":\"BreadcrumbList\",\"@id\":\"https:\/\/www.insuflaveissigadanca.com\/wp2020\/#breadcrumb\",\"itemListElement\":[{\"@type\":\"ListItem\",\"position\":1,\"name\":\"In\u00edcio\",\"item\":\"https:\/\/www.insuflaveissigadanca.com\/wp2020\/\"},{\"@type\":\"ListItem\",\"position\":2,\"name\":\"In\u00edcio\"}]},{\"@type\":\"WebSite\",\"@id\":\"https:\/\/www.insuflaveissigadanca.com\/wp2020\/#website\",\"url\":\"https:\/\/www.insuflaveissigadanca.com\/wp2020\/\",\"name\":\"Insufl\u00e1veis Sigadan\u00e7a\",\"description\":\"H\u00e1 mais de 18 anos a animar a sua festa\",\"publisher\":{\"@id\":\"https:\/\/www.insuflaveissigadanca.com\/wp2020\/#organization\"},\"potentialAction\":[{\"@type\":\"SearchAction\",\"target\":{\"@type\":\"EntryPoint\",\"urlTemplate\":\"https:\/\/www.insuflaveissigadanca.com\/wp2020\/?s={search_term_string}\"},\"query-input\":{\"@type\":\"PropertyValueSpecification\",\"valueRequired\":true,\"valueName\":\"search_term_string\"}}],\"inLanguage\":\"pt-PT\"},{\"@type\":\"Organization\",\"@id\":\"https:\/\/www.insuflaveissigadanca.com\/wp2020\/#organization\",\"name\":\"Insufl\u00e1veis Sigadan\u00e7a\",\"url\":\"https:\/\/www.insuflaveissigadanca.com\/wp2020\/\",\"logo\":{\"@type\":\"ImageObject\",\"inLanguage\":\"pt-PT\",\"@id\":\"https:\/\/www.insuflaveissigadanca.com\/wp2020\/#\/schema\/logo\/image\/\",\"url\":\"https:\/\/www.insuflaveissigadanca.com\/wp2020\/wp-content\/uploads\/2020\/12\/2020.png\",\"contentUrl\":\"https:\/\/www.insuflaveissigadanca.com\/wp2020\/wp-content\/uploads\/2020\/12\/2020.png\",\"width\":473,\"height\":183,\"caption\":\"Insufl\u00e1veis Sigadan\u00e7a\"},\"image\":{\"@id\":\"https:\/\/www.insuflaveissigadanca.com\/wp2020\/#\/schema\/logo\/image\/\"}}]}<\/script>\n<!-- \/ Yoast SEO plugin. -->","yoast_head_json":{"title":"In\u00edcio |","description":"\ud83c\udff0Aluguer de insufl\u00e1veis, M\u00e1quina de Pipocas\ud83c\udf7f\ud83c\udf7f, Piscina de Bolinhas, Anima\u00e7\u00e3o com Pinturas Faciais e Modelagem de Bal\u00f5es\ud83c\udf88\ud83c\udf88 e claro muita divers\u00e3o....\ud83c\udfb5","robots":{"index":"index","follow":"follow","max-snippet":"max-snippet:-1","max-image-preview":"max-image-preview:large","max-video-preview":"max-video-preview:-1"},"canonical":"https:\/\/www.insuflaveissigadanca.com\/wp2020\/","og_locale":"pt_PT","og_type":"article","og_title":"In\u00edcio |","og_description":"\ud83c\udff0Aluguer de insufl\u00e1veis, M\u00e1quina de Pipocas\ud83c\udf7f\ud83c\udf7f, Piscina de Bolinhas, Anima\u00e7\u00e3o com Pinturas Faciais e Modelagem de Bal\u00f5es\ud83c\udf88\ud83c\udf88 e claro muita divers\u00e3o....\ud83c\udfb5","og_url":"https:\/\/www.insuflaveissigadanca.com\/wp2020\/","article_modified_time":"2025-05-10T05:53:36+00:00","og_image":[{"width":577,"height":433,"url":"https:\/\/www.insuflaveissigadanca.com\/wp2020\/wp-content\/uploads\/2025\/04\/Mickey1-1.png","type":"image\/png"}],"twitter_card":"summary_large_image","twitter_misc":{"Tempo estimado de leitura":"3 minutos"},"schema":{"@context":"https:\/\/schema.org","@graph":[{"@type":"WebPage","@id":"https:\/\/www.insuflaveissigadanca.com\/wp2020\/","url":"https:\/\/www.insuflaveissigadanca.com\/wp2020\/","name":"In\u00edcio |","isPartOf":{"@id":"https:\/\/www.insuflaveissigadanca.com\/wp2020\/#website"},"primaryImageOfPage":{"@id":"https:\/\/www.insuflaveissigadanca.com\/wp2020\/#primaryimage"},"image":{"@id":"https:\/\/www.insuflaveissigadanca.com\/wp2020\/#primaryimage"},"thumbnailUrl":"https:\/\/www.insuflaveissigadanca.com\/wp2020\/wp-content\/uploads\/2025\/04\/Mickey1-1.png","datePublished":"2020-11-20T10:19:12+00:00","dateModified":"2025-05-10T05:53:36+00:00","description":"\ud83c\udff0Aluguer de insufl\u00e1veis, M\u00e1quina de Pipocas\ud83c\udf7f\ud83c\udf7f, Piscina de Bolinhas, Anima\u00e7\u00e3o com Pinturas Faciais e Modelagem de Bal\u00f5es\ud83c\udf88\ud83c\udf88 e claro muita divers\u00e3o....\ud83c\udfb5","breadcrumb":{"@id":"https:\/\/www.insuflaveissigadanca.com\/wp2020\/#breadcrumb"},"inLanguage":"pt-PT","potentialAction":[{"@type":"ReadAction","target":["https:\/\/www.insuflaveissigadanca.com\/wp2020\/"]}]},{"@type":"ImageObject","inLanguage":"pt-PT","@id":"https:\/\/www.insuflaveissigadanca.com\/wp2020\/#primaryimage","url":"https:\/\/www.insuflaveissigadanca.com\/wp2020\/wp-content\/uploads\/2025\/04\/Mickey1-1.png","contentUrl":"https:\/\/www.insuflaveissigadanca.com\/wp2020\/wp-content\/uploads\/2025\/04\/Mickey1-1.png","width":577,"height":433},{"@type":"BreadcrumbList","@id":"https:\/\/www.insuflaveissigadanca.com\/wp2020\/#breadcrumb","itemListElement":[{"@type":"ListItem","position":1,"name":"In\u00edcio","item":"https:\/\/www.insuflaveissigadanca.com\/wp2020\/"},{"@type":"ListItem","position":2,"name":"In\u00edcio"}]},{"@type":"WebSite","@id":"https:\/\/www.insuflaveissigadanca.com\/wp2020\/#website","url":"https:\/\/www.insuflaveissigadanca.com\/wp2020\/","name":"Insufl\u00e1veis Sigadan\u00e7a","description":"H\u00e1 mais de 18 anos a animar a sua festa","publisher":{"@id":"https:\/\/www.insuflaveissigadanca.com\/wp2020\/#organization"},"potentialAction":[{"@type":"SearchAction","target":{"@type":"EntryPoint","urlTemplate":"https:\/\/www.insuflaveissigadanca.com\/wp2020\/?s={search_term_string}"},"query-input":{"@type":"PropertyValueSpecification","valueRequired":true,"valueName":"search_term_string"}}],"inLanguage":"pt-PT"},{"@type":"Organization","@id":"https:\/\/www.insuflaveissigadanca.com\/wp2020\/#organization","name":"Insufl\u00e1veis Sigadan\u00e7a","url":"https:\/\/www.insuflaveissigadanca.com\/wp2020\/","logo":{"@type":"ImageObject","inLanguage":"pt-PT","@id":"https:\/\/www.insuflaveissigadanca.com\/wp2020\/#\/schema\/logo\/image\/","url":"https:\/\/www.insuflaveissigadanca.com\/wp2020\/wp-content\/uploads\/2020\/12\/2020.png","contentUrl":"https:\/\/www.insuflaveissigadanca.com\/wp2020\/wp-content\/uploads\/2020\/12\/2020.png","width":473,"height":183,"caption":"Insufl\u00e1veis Sigadan\u00e7a"},"image":{"@id":"https:\/\/www.insuflaveissigadanca.com\/wp2020\/#\/schema\/logo\/image\/"}}]}},"_links":{"self":[{"href":"https:\/\/www.insuflaveissigadanca.com\/wp2020\/wp-json\/wp\/v2\/pages\/26","targetHints":{"allow":["GET"]}}],"collection":[{"href":"https:\/\/www.insuflaveissigadanca.com\/wp2020\/wp-json\/wp\/v2\/pages"}],"about":[{"href":"https:\/\/www.insuflaveissigadanca.com\/wp2020\/wp-json\/wp\/v2\/types\/page"}],"author":[{"embeddable":true,"href":"https:\/\/www.insuflaveissigadanca.com\/wp2020\/wp-json\/wp\/v2\/users\/1"}],"replies":[{"embeddable":true,"href":"https:\/\/www.insuflaveissigadanca.com\/wp2020\/wp-json\/wp\/v2\/comments?post=26"}],"version-history":[{"count":91,"href":"https:\/\/www.insuflaveissigadanca.com\/wp2020\/wp-json\/wp\/v2\/pages\/26\/revisions"}],"predecessor-version":[{"id":686,"href":"https:\/\/www.insuflaveissigadanca.com\/wp2020\/wp-json\/wp\/v2\/pages\/26\/revisions\/686"}],"wp:attachment":[{"href":"https:\/\/www.insuflaveissigadanca.com\/wp2020\/wp-json\/wp\/v2\/media?parent=26"}],"curies":[{"name":"wp","href":"https:\/\/api.w.org\/{rel}","templated":true}]}}